{"id":9170,"date":"2019-11-20T07:58:46","date_gmt":"2019-11-20T07:58:46","guid":{"rendered":"https:\/\/sno.taxi\/leere-beine\/"},"modified":"2019-12-10T15:52:04","modified_gmt":"2019-12-10T15:52:04","slug":"leere-beine","status":"publish","type":"page","link":"https:\/\/sno.taxi\/de\/leere-beine\/","title":{"rendered":"Leere Beine"},"content":{"rendered":"<h2>SUCHE LEERE BEINE F\u00dcR VERF\u00dcGBARE SITZE UND LAST MINUTE ANGEBOTE<\/h2>\n<p>&nbsp;<\/p>\n<p>Was sind leere Beine und warum sind sie so wertvoll ?!<\/p>\n<p>In kurzen leeren Beinen k\u00f6nnen &#8230;<\/p>\n<ul>\n<li>Sparen Sie Geld<\/li>\n<li>Machen Sie Transferbetreiber effizienter<\/li>\n<li>Erlaube dir Gleichgesinnte zu treffen<\/li>\n<li>Helfen Sie, unseren Planeten zu retten<\/li>\n<\/ul>\n<p>Betreiber, die &#8222;geteilte&#8220; Transfers verkauft haben, haben oft freie Pl\u00e4tze zu vergeben. Dar\u00fcber hinaus gibt es m\u00f6glicherweise Fahrzeuge, die nur in eine Richtung gebucht wurden und die R\u00fcckgabe leer lassen. Deshalb hat SNO.TAXI zum Nutzen von Kunden und Betreibern eine fantastische L\u00f6sung entwickelt, mit der Sie mit nur wenigen Klicks Ihr leeres Bein entdecken und buchen k\u00f6nnen.<\/p>\n","protected":false},"excerpt":{"rendered":"<p>SUCHE LEERE BEINE F\u00dcR VERF\u00dcGBARE SITZE UND LAST MINUTE ANGEBOTE<\/p>\n<p>&nbsp;<\/p>\n<p>Was sind leere Beine und warum sind sie so wertvoll ?!<\/p>\n<p>In kurzen leeren Beinen k\u00f6nnen &#8230;<\/p>\n<ul>\n<li>Sparen Sie Geld<\/li>\n<li>Machen Sie Transferbetreiber effizienter<\/li>\n<li>Erlaube dir Gleichgesinnte zu treffen<\/li>\n<li>Helfen Sie, unseren Planeten zu retten<\/li>\n<\/ul>\n<p>Betreiber, die &#8222;geteilte&#8220; Transfers verkauft haben, haben oft freie Pl\u00e4tze zu vergeben. Dar\u00fcber hinaus gibt es m\u00f6glicherweise Fahrzeuge,<\/p>\n<p>  <a href=\"https:\/\/sno.taxi\/de\/leere-beine\/\">&nbsp;&raquo;&nbsp;Read more about: Leere Beine &nbsp;&raquo;<\/a><\/p>\n","protected":false},"author":1,"featured_media":0,"parent":0,"menu_order":0,"comment_status":"closed","ping_status":"closed","template":"","meta":{"footnotes":""},"class_list":["post-9170","page","type-page","status-publish","hentry"],"_links":{"self":[{"href":"https:\/\/sno.taxi\/de\/wp-json\/wp\/v2\/pages\/9170","targetHints":{"allow":["GET"]}}],"collection":[{"href":"https:\/\/sno.taxi\/de\/wp-json\/wp\/v2\/pages"}],"about":[{"href":"https:\/\/sno.taxi\/de\/wp-json\/wp\/v2\/types\/page"}],"author":[{"embeddable":true,"href":"https:\/\/sno.taxi\/de\/wp-json\/wp\/v2\/users\/1"}],"replies":[{"embeddable":true,"href":"https:\/\/sno.taxi\/de\/wp-json\/wp\/v2\/comments?post=9170"}],"version-history":[{"count":0,"href":"https:\/\/sno.taxi\/de\/wp-json\/wp\/v2\/pages\/9170\/revisions"}],"wp:attachment":[{"href":"https:\/\/sno.taxi\/de\/wp-json\/wp\/v2\/media?parent=9170"}],"curies":[{"name":"wp","href":"https:\/\/api.w.org\/{rel}","templated":true}]}}