{"id":9276,"date":"2019-11-20T08:04:18","date_gmt":"2019-11-20T08:04:18","guid":{"rendered":"https:\/\/sno.taxi\/was-wir-anbieten\/"},"modified":"2019-12-12T14:40:10","modified_gmt":"2019-12-12T14:40:10","slug":"was-wir-anbieten","status":"publish","type":"page","link":"https:\/\/sno.taxi\/de\/was-wir-anbieten\/","title":{"rendered":"Was wir anbieten"},"content":{"rendered":"<h1>WARUM SNO.TAXI BEITRETEN?<\/h1>\n<p>SNO.TAXI ist bestrebt, die Nummer 1 im Bereich Bergtransferl\u00f6sungen zu sein. Sie k\u00f6nnen sich beteiligen, indem Sie sich als registrierter Transferbetreiber unserem Netzwerk anschlie\u00dfen. Wir haben den klaren Auftrag, unseren Kunden mit unserem benutzerfreundlichen System zur Organisation von Transfers einen hervorragenden Service zu bieten.<\/p>\n<p>Als Transferunternehmen profitieren Sie von:<\/p>\n<ul>\n<li>Mehr Leads auf Ihrem Weg<\/li>\n<li>Eine verst\u00e4rkte Pr\u00e4senz im Online-Marketing<\/li>\n<li>Deine leeren Beine werden gef\u00fcllt<\/li>\n<li>Keine festen Provisionss\u00e4tze<\/li>\n<li>Ein durchg\u00e4ngiger automatisierter Buchungsprozess<\/li>\n<li>Sofortige Benachrichtigung von Leads<\/li>\n<li>Sofortzahlungen zusammen mit vollst\u00e4ndigem Zahlungsvorgang und Rechnungserstellung<\/li>\n<li>Betrieb in der von Ihnen gew\u00e4hlten W\u00e4hrung<\/li>\n<li>Online-Zugriff auf Ihre leeren Beine, Manifeste, Rechnungen und Kontoausz\u00fcge<\/li>\n<li>SMS-Erinnerungen f\u00fcr bevorstehende Transits<\/li>\n<li>24 Stunden Online-Support<\/li>\n<li>Sie konnten Ihr Online-Profil einschlie\u00dflich Ihres Transitstandorts aktualisieren<\/li>\n<\/ul>\n<p>&nbsp;<\/p>\n<p>Nachdem Sie sich registriert haben, m\u00fcssen Sie nur noch die L\u00e4nder und Resorts ausw\u00e4hlen, in denen Sie t\u00e4tig sind, sowie alle leeren Strecken, die Sie anbieten k\u00f6nnen. SNO.TAXI \u00fcbernimmt dann den Rest. Unsere Systeme werden aktualisiert, um Ihre Routen potenziellen Kunden anzubieten. Wir bieten nur Fahrten an, die von unseren Betreibern durchgef\u00fchrt werden k\u00f6nnen.<\/p>\n<h2>WIEVIEL KOSTET DAS?<\/h2>\n<p>Mit SNO.TAXI ist es kostenlos, als Transferbetreiber registriert zu sein, f\u00fcr Ihre leeren Beine zu werben und mit potenziellen Kunden zu kommunizieren. Wenn Sie eine Buchung erhalten haben, erhalten Sie eine einmalige Pauschalgeb\u00fchr von 9,5% einschlie\u00dflich aller Transaktionskosten.<\/p>\n<h2>KOMMT BALD&#8230;<\/h2>\n<ul>\n<li>Unsere mobile App (IOS \/ Android), mit der Sie direkt auf Anfragen antworten k\u00f6nnen<\/li>\n<li>Kunden Gegenpr\u00fcfung am Untersuchungspunkt gegen\n<ul>\n<li>Annoncierte leere Beine<\/li>\n<li>Geplante Dienste<\/li>\n<\/ul>\n<\/li>\n<li>Weitere Standorte und L\u00e4nder auf der Website<\/li>\n<li>Micro-Sites und API-Nutzung unserer Buchungsmaschine<\/li>\n<li>Direkte Buchungslinks<\/li>\n<li>Verf\u00fcgbarkeit vor dem Laden<\/li>\n<li>Affiliate-Banner, Links und Widgets<\/li>\n<li>Unterst\u00fctzung f\u00fcr mehrere Sprachen<\/li>\n<li>Bewertungsmodul<\/li>\n<\/ul>\n<p>&nbsp;<\/p>\n<p>&nbsp;<\/p>\n<p>&nbsp;<\/p>\n","protected":false},"excerpt":{"rendered":"<p>WARUM SNO.TAXI BEITRETEN?<\/p>\n<p>SNO.TAXI ist bestrebt, die Nummer 1 im Bereich Bergtransferl\u00f6sungen zu sein. Sie k\u00f6nnen sich beteiligen, indem Sie sich als registrierter Transferbetreiber unserem Netzwerk anschlie\u00dfen. Wir haben den klaren Auftrag, unseren Kunden mit unserem benutzerfreundlichen System zur Organisation von Transfers einen hervorragenden Service zu bieten.<\/p>\n<p>Als Transferunternehmen profitieren Sie von:<\/p>\n<ul>\n<li>Mehr Leads auf Ihrem Weg<\/li>\n<li>Eine verst\u00e4rkte Pr\u00e4senz im Online-Marketing<\/li>\n<li>Deine leeren Beine werden gef\u00fcllt<\/li>\n<li>Keine festen Provisionss\u00e4tze<\/li>\n<li>Ein durchg\u00e4ngiger automatisierter Buchungsprozess<\/li>\n<li>Sofortige Benachrichtigung von Leads<\/li>\n<li>Sofortzahlungen zusammen mit vollst\u00e4ndigem Zahlungsvorgang und Rechnungserstellung<\/li>\n<li>Betrieb in der von Ihnen gew\u00e4hlten W\u00e4hrung<\/li>\n<li>Online-Zugriff auf Ihre leeren Beine,<\/li>\n<\/ul>\n<p>  <a href=\"https:\/\/sno.taxi\/de\/was-wir-anbieten\/\">&nbsp;&raquo;&nbsp;Read more about: Was wir anbieten &nbsp;&raquo;<\/a><\/p>\n","protected":false},"author":1,"featured_media":0,"parent":0,"menu_order":0,"comment_status":"closed","ping_status":"closed","template":"","meta":{"footnotes":""},"class_list":["post-9276","page","type-page","status-publish","hentry"],"_links":{"self":[{"href":"https:\/\/sno.taxi\/de\/wp-json\/wp\/v2\/pages\/9276","targetHints":{"allow":["GET"]}}],"collection":[{"href":"https:\/\/sno.taxi\/de\/wp-json\/wp\/v2\/pages"}],"about":[{"href":"https:\/\/sno.taxi\/de\/wp-json\/wp\/v2\/types\/page"}],"author":[{"embeddable":true,"href":"https:\/\/sno.taxi\/de\/wp-json\/wp\/v2\/users\/1"}],"replies":[{"embeddable":true,"href":"https:\/\/sno.taxi\/de\/wp-json\/wp\/v2\/comments?post=9276"}],"version-history":[{"count":0,"href":"https:\/\/sno.taxi\/de\/wp-json\/wp\/v2\/pages\/9276\/revisions"}],"wp:attachment":[{"href":"https:\/\/sno.taxi\/de\/wp-json\/wp\/v2\/media?parent=9276"}],"curies":[{"name":"wp","href":"https:\/\/api.w.org\/{rel}","templated":true}]}}