{"id":15766,"date":"2019-11-20T08:04:18","date_gmt":"2019-11-20T08:04:18","guid":{"rendered":"https:\/\/sno.taxi\/lo-que-ofrecemos\/"},"modified":"2020-04-30T12:10:08","modified_gmt":"2020-04-30T11:10:08","slug":"lo-que-ofrecemos","status":"publish","type":"page","link":"https:\/\/sno.taxi\/es\/lo-que-ofrecemos\/","title":{"rendered":"Lo que ofrecemos"},"content":{"rendered":"<h1>\u00bfPOR QU\u00c9 UNIRSE A SNO.TAXI?<\/h1>\n<p>SNO.TAXI se esfuerza por ser el buscador de soluciones de transferencia de monta\u00f1a n. \u00b0 1. Puede participar uni\u00e9ndose a nuestra red como operador de transferencia registrado. Tenemos el claro mandato de proporcionar un excelente servicio a nuestros clientes con nuestro sistema f\u00e1cil de usar para organizar transferencias.<\/p>\n<p>Como operadora de transferencias, se beneficiar\u00e1 de:<\/p>\n<ul>\n<li>M\u00e1s clientes potenciales en camino<\/li>\n<li>Una mayor presencia de marketing en l\u00ednea<\/li>\n<li>Tus piernas vac\u00edas se llenan<\/li>\n<li>No hay tasas de comisi\u00f3n fijas<\/li>\n<li>Un proceso de reserva automatizado de extremo a extremo<\/li>\n<li>Notificaciones inmediatas de leads<\/li>\n<li>Pagos instant\u00e1neos junto con el proceso de pago completo y la creaci\u00f3n de facturas.<\/li>\n<li>Operando en la moneda elegida<\/li>\n<li>Acceso para revisar sus piernas vac\u00edas, manifiestos, facturas y extractos en l\u00ednea<\/li>\n<li>Recordatorios SMS para pr\u00f3ximos tr\u00e1nsitos<\/li>\n<li>Soporte en l\u00ednea las 24 horas<\/li>\n<li>Pude actualizar su perfil en l\u00ednea, incluida su ubicaci\u00f3n de tr\u00e1nsito<\/li>\n<\/ul>\n<p>&nbsp;<\/p>\n<p>Despu\u00e9s de registrarse, todo lo que tendr\u00e1 que hacer es seleccionar los pa\u00edses y centros tur\u00edsticos en los que opera junto con las piernas vac\u00edas que pueda ofrecer. SNO.TAXI tomar\u00e1 el autom\u00f3vil del resto, nuestros sistemas se actualizar\u00e1n para ofrecer sus rutas a clientes potenciales. Solo ofreceremos viajes que nuestros operadores puedan cumplir.<\/p>\n<h2>\u00bfCUANTO CUESTA?<\/h2>\n<p>Con SNO.TAXI es gratis registrarse como operador de transferencia, anunciar sus piernas vac\u00edas y comunicarse con clientes potenciales. Luego, cuando haya recibido una reserva, tendr\u00e1 una tarifa \u00fanica fija de 9.5% que incluye todos los costos de transacci\u00f3n.<\/p>\n<h2>PR\u00d3XIMAMENTE&#8230;<\/h2>\n<ul>\n<li>Nuestra aplicaci\u00f3n m\u00f3vil (IOS \/ Android) que le permitir\u00e1 responder directamente a las consultas.<\/li>\n<li>Verificaci\u00f3n cruzada del cliente en el punto de consulta contra\n<ul>\n<li>Anuncian piernas vac\u00edas<\/li>\n<li>Servicios programados<\/li>\n<\/ul>\n<\/li>\n<li>M\u00e1s ubicaciones y pa\u00edses disponibles en el sitio<\/li>\n<li>Micro-sitios y uso de API de nuestro motor de reservas<\/li>\n<li>Enlaces de reserva directa<\/li>\n<li>Disponibilidad de precarga<\/li>\n<li>Banners, enlaces y widgets de afiliados<\/li>\n<li>Soporte multi-idioma<\/li>\n<li>M\u00f3dulo de opiniones<\/li>\n<\/ul>\n<p>&nbsp;<\/p>\n<p>&nbsp;<\/p>\n<p>&nbsp;<\/p>\n","protected":false},"excerpt":{"rendered":"<p>\u00bfPOR QU\u00c9 UNIRSE A SNO.TAXI?<\/p>\n<p>SNO.TAXI se esfuerza por ser el buscador de soluciones de transferencia de monta\u00f1a n. \u00b0 1. Puede participar uni\u00e9ndose a nuestra red como operador de transferencia registrado. Tenemos el claro mandato de proporcionar un excelente servicio a nuestros clientes con nuestro sistema f\u00e1cil de usar para organizar transferencias.<\/p>\n<p>Como operadora de transferencias, se beneficiar\u00e1 de:<\/p>\n<ul>\n<li>M\u00e1s clientes potenciales en camino<\/li>\n<li>Una mayor presencia de marketing en l\u00ednea<\/li>\n<li>Tus piernas vac\u00edas se llenan<\/li>\n<li>No hay tasas de comisi\u00f3n fijas<\/li>\n<li>Un proceso de reserva automatizado de extremo a extremo<\/li>\n<li>Notificaciones inmediatas de leads<\/li>\n<li>Pagos instant\u00e1neos junto con el proceso de pago completo y la creaci\u00f3n de facturas.<\/li>\n<\/ul>\n<p>  <a href=\"https:\/\/sno.taxi\/es\/lo-que-ofrecemos\/\">&nbsp;&raquo;&nbsp;Read more about: Lo que ofrecemos &nbsp;&raquo;<\/a><\/p>\n","protected":false},"author":1,"featured_media":0,"parent":0,"menu_order":0,"comment_status":"closed","ping_status":"closed","template":"","meta":{"footnotes":""},"class_list":["post-15766","page","type-page","status-publish","hentry"],"_links":{"self":[{"href":"https:\/\/sno.taxi\/es\/wp-json\/wp\/v2\/pages\/15766","targetHints":{"allow":["GET"]}}],"collection":[{"href":"https:\/\/sno.taxi\/es\/wp-json\/wp\/v2\/pages"}],"about":[{"href":"https:\/\/sno.taxi\/es\/wp-json\/wp\/v2\/types\/page"}],"author":[{"embeddable":true,"href":"https:\/\/sno.taxi\/es\/wp-json\/wp\/v2\/users\/1"}],"replies":[{"embeddable":true,"href":"https:\/\/sno.taxi\/es\/wp-json\/wp\/v2\/comments?post=15766"}],"version-history":[{"count":1,"href":"https:\/\/sno.taxi\/es\/wp-json\/wp\/v2\/pages\/15766\/revisions"}],"predecessor-version":[{"id":15807,"href":"https:\/\/sno.taxi\/es\/wp-json\/wp\/v2\/pages\/15766\/revisions\/15807"}],"wp:attachment":[{"href":"https:\/\/sno.taxi\/es\/wp-json\/wp\/v2\/media?parent=15766"}],"curies":[{"name":"wp","href":"https:\/\/api.w.org\/{rel}","templated":true}]}}