{"id":10228,"date":"2019-11-20T07:52:01","date_gmt":"2019-11-20T07:52:01","guid":{"rendered":"https:\/\/sno.taxi\/ajouter-une-jambe-vide\/"},"modified":"2020-01-09T14:22:32","modified_gmt":"2020-01-09T14:22:32","slug":"ajouter-une-jambe-vide","status":"publish","type":"page","link":"https:\/\/sno.taxi\/fr\/ajouter-une-jambe-vide\/","title":{"rendered":"Ajouter une jambe vide"},"content":{"rendered":"<h2>AJOUTER UNE NOUVELLE JAMBE VIDE<\/h2>\n<p>Fatigu\u00e9 de conduire avec des si\u00e8ges vides dans votre v\u00e9hicule? Pourquoi ne pas les annoncer avec Empty Legs sur SNO.TAXI!<\/p>\n<p>Essayez, ajoutez vos places disponibles ici &#8230;<\/p>\n<link rel='stylesheet' id='formidable-css' href='https:\/\/sno.taxi\/wp-admin\/admin-ajax.php?action=frmpro_css&#038;ver=3122120' type='text\/css' media='all' \/>\n<div class=\"frm_forms  with_frm_style frm_style_formidable-style-2\" id=\"frm_form_5_container\" >\n<form enctype=\"multipart\/form-data\" method=\"post\" class=\"frm-show-form  frm_pro_form \" id=\"form_emptyleg\" >\n<div class=\"frm_form_fields  frm_page_num_1\">\n<fieldset>\n<legend class=\"frm_screen_reader\">Jambe vide<\/legend>\r\n\r\n<div class=\"frm_fields_container\">\n<input type=\"hidden\" name=\"frm_action\" value=\"create\" \/>\n<input type=\"hidden\" name=\"form_id\" value=\"5\" \/>\n<input type=\"hidden\" name=\"frm_hide_fields_5\" id=\"frm_hide_fields_5\" value=\"\" \/>\n<input type=\"hidden\" name=\"form_key\" value=\"emptyleg\" \/>\n<input type=\"hidden\" name=\"item_meta[0]\" value=\"\" \/>\n<input type=\"hidden\" id=\"frm_submit_entry_5\" name=\"frm_submit_entry_5\" value=\"9c3d4681a5\" \/><input type=\"hidden\" name=\"_wp_http_referer\" value=\"\/fr\/wp-json\/wp\/v2\/pages\/10228\" \/><div id=\"frm_field_241_container\" class=\"frm_form_field  frm_html_container form-field\">VEUILLEZ S\u00c9LECTIONNER (choix unique) Le mode de transport dont vous disposez en tant que trajet vide. Vous pouvez ensuite ajouter le prix et le nombre de places disponibles.<\/div>\n<div id=\"frm_field_243_container\" class=\"frm_form_field frm_section_heading form-field  frm_first frm_half\">\r\n<h3 class=\"frm_pos_top frm_section_spacing\">UN SERVICE<\/h3>\r\n\r\n\r\n<div id=\"frm_field_239_container\" class=\"frm_form_field form-field  frm_required_field frm_top_container frm_first frm_half gd-autocomplete-wrapper\">\r\n    <label for=\"field_empty_leg_transport_service\" id=\"field_empty_leg_transport_service_label\" class=\"frm_primary_label\">Service de transfert offert\r\n        <span class=\"frm_required\">*<\/span>\r\n    <\/label>\r\n    \t\t<select name=\"item_meta[239]\" id=\"field_empty_leg_transport_service\"  data-sectionid=\"243\"  data-reqmsg=\"Ce champ ne peut \u00eatre vide.\" aria-required=\"true\" data-invmsg=\"Service de transfert offert est non valide\" aria-invalid=\"false\"  >\n\t\t<option  value=\"Shuttle (Private)\">Navette (priv\u00e9e)<\/option><option  value=\"Shuttle (Shared)\">Navette (partag\u00e9e)<\/option><option  value=\"Taxi\/Car\">Taxi \/ voiture<\/option><option  value=\"VIP Car\">Voiture VIP<\/option><option  value=\"Bus\/Coach (Private)\">Bus \/ autocar (priv\u00e9)<\/option><option  value=\"Bus\/Coach (Shared)\">Bus \/ autocar (partag\u00e9)<\/option><option  value=\"Limousine (Private)\">Limousine (Private)<\/option><option  value=\"Limousine (Shared)\">Limousine (Shared)<\/option><option  value=\"Helicopter (Private)\">Helicopter (Private)<\/option><option  value=\"Helicopter (Shared)\">Helicopter (Shared)<\/option>\t<\/select>\n\t\r\n    \r\n    \r\n<\/div>\n<div id=\"frm_field_240_container\" class=\"frm_form_field  frm_first frm_full frm_html_container form-field\">Les navettes sont g\u00e9n\u00e9ralement des v\u00e9hicules pour 8 \u00e0 15 personnes. Des mod\u00e8les similaires incluent Vauxhall Vivaro, Mercedes Vito ou Ford Transits.<\/div>\n<div id=\"frm_field_242_container\" class=\"frm_form_field  frm_first frm_full frm_html_container form-field\">Les soci\u00e9t\u00e9s de location priv\u00e9es et les exploitants de taxis ont de nombreux styles de voitures. Utilisez cette s\u00e9lection pour un type de v\u00e9hicule standard. Les mod\u00e8les incluent Ford Mondeo ou VW Passat.<\/div>\n<div id=\"frm_field_248_container\" class=\"frm_form_field  frm_first frm_full frm_html_container form-field\"><img decoding=\"async\" src=\"https:\/\/sno.taxi\/wp-content\/uploads\/vipcar.200x112.png\" alt=\"VIP Car Image\"><\/p>\n<p>Offer a luxury or VIP model car to transport the passengers.  Vehicles should be regarded as Prestige.  Models should have leather as standard and preferably have entertainments systems included.<\/p>\n<\/div>\n<div id=\"frm_field_249_container\" class=\"frm_form_field  frm_first frm_full frm_html_container form-field\">Les op\u00e9rateurs de bus et d'autocars peuvent accueillir des groupes plus importants dans un seul v\u00e9hicule.<\/div>\n<div id=\"frm_field_250_container\" class=\"frm_form_field  frm_first frm_full frm_html_container form-field\">Principalement pour les op\u00e9rateurs de limousine allong\u00e9e qui peuvent offrir un service VIP.<\/div>\n<div id=\"frm_field_251_container\" class=\"frm_form_field  frm_first frm_full frm_html_container form-field\">La solution de transfert ultime. Pour les op\u00e9rateurs qui offrent des services d'h\u00e9licopt\u00e8re, veuillez entrer vos offres ci-dessous. En raison de la nature du transport, il est suppos\u00e9 que l'offre est \u00e0 usage priv\u00e9. Si ce n'est pas le cas, veuillez noter dans la section NOTES de votre soumission.<\/div>\n<div id=\"frm_field_232_container\" class=\"frm_form_field form-field  frm_required_field frm_top_container frm_first frm_half\">\r\n    <label for=\"field_empty_leg_cost_per_seat\" id=\"field_empty_leg_cost_per_seat_label\" class=\"frm_primary_label\">Co\u00fbt par si\u00e8ge\r\n        <span class=\"frm_required\">*<\/span>\r\n    <\/label>\r\n    <input type=\"number\" id=\"field_empty_leg_cost_per_seat\" name=\"item_meta[232]\" value=\"\" data-sectionid=\"243\"  style=\"width:5em\" data-reqmsg=\"Ce champ ne peut \u00eatre vide.\" aria-required=\"true\" data-invmsg=\"Le texte n&#039;est pas valide\" class=\"auto_width\" aria-invalid=\"false\"   aria-describedby=\"frm_desc_field_empty_leg_cost_per_seat\" min=\"1\" max=\"9999\" step=\"1\" \/>\r\n    <div class=\"frm_description\" id=\"frm_desc_field_empty_leg_cost_per_seat\">Saisissez le co\u00fbt par si\u00e8ge dans votre devise par d\u00e9faut. \u00c9vitez les d\u00e9cimales et arrondissez \u00e0 l'unit\u00e9 la plus proche plut\u00f4t que d'avoir un pence ou des cents. La valeur minimale est 10.<\/div>\r\n    \r\n<\/div>\n<div id=\"frm_field_233_container\" class=\"frm_form_field form-field  frm_required_field frm_top_container frm_half\">\r\n    <label for=\"field_empty_leg_seats_offered\" id=\"field_empty_leg_seats_offered_label\" class=\"frm_primary_label\">Si\u00e8ges offerts\r\n        <span class=\"frm_required\">*<\/span>\r\n    <\/label>\r\n    <input type=\"number\" id=\"field_empty_leg_seats_offered\" name=\"item_meta[233]\" value=\"\" data-sectionid=\"243\"  style=\"width:5em\" data-reqmsg=\"Ce champ ne peut \u00eatre vide.\" aria-required=\"true\" data-invmsg=\"Le texte n&#039;est pas valide\" class=\"auto_width\" aria-invalid=\"false\"   aria-describedby=\"frm_desc_field_empty_leg_seats_offered\" min=\"1\" max=\"99\" step=\"1\" \/>\r\n    <div class=\"frm_description\" id=\"frm_desc_field_empty_leg_seats_offered\">Entrez les si\u00e8ges disponibles que vous avez sur cette jambe. Malgr\u00e9 le nom \"Empty Leg\", vous devez annoncer tous les si\u00e8ges disponibles. Remplissez ces espaces!<\/div>\r\n    \r\n<\/div>\n<\/div>\n<div id=\"frm_field_245_container\" class=\"frm_form_field frm_section_heading form-field  frm_half\">\r\n<h3 class=\"frm_pos_top frm_section_spacing\">OFFRE<\/h3>\r\n\r\n\r\n\t\t<input  type=\"hidden\" name=\"item_meta[279]\" id=\"field_empty_leg_id\" value=\"EL100005\"  data-sectionid=\"245\"  data-frmval=\"EL100005\"   \/>\n\t\t<div id=\"frm_field_234_container\" class=\"frm_form_field form-field  frm_required_field frm_top_container frm_first frm_half gd-autocomplete-wrapper\">\r\n    <label for=\"field_empty_leg_pickup_location\" id=\"field_empty_leg_pickup_location_label\" class=\"frm_primary_label\">Lieu de ramassage\r\n        <span class=\"frm_required\">*<\/span>\r\n    <\/label>\r\n    \t\t<select  name=\"item_meta[234]\" id=\"field_empty_leg_pickup_location\"  data-sectionid=\"245\"  data-placeholder=\"Select an option\"  data-placeholder=\" \" data-reqmsg=\"Ce champ ne peut \u00eatre vide.\" aria-required=\"true\" data-invmsg=\"Lieu de ramassage est non valide\" class=\"frm_slimselect\" aria-invalid=\"false\"  >\n\t\t\t\t\t\t\t<option  data-placeholder=\"true\" value=\"\" class=\"frm-select-placeholder\">\n\t\t\t\t\t \t\t\t\t<\/option>\n\t\t\t\t\t\t\t\t<option  value=\"4 Vall\u00e9es \u2013 Verbier\/La Tzoumaz\/Nendaz\/Veysonnaz\/Thyon\">\n\t\t\t\t\t4 Vall\u00e9es \u2013 Verbier\/La Tzoumaz\/Nendaz\/Veysonnaz\/Thyon\t\t\t\t<\/option>\n\t\t\t\t\t\t\t\t<option  value=\"Les 3 Vall\u00e9es \u2013 Val Thorens\/Les Menuires\/M\u00e9ribel\/Courchevel\">\n\t\t\t\t\tLes 3 Vall\u00e9es \u2013 Val Thorens\/Les Menuires\/M\u00e9ribel\/Courchevel\t\t\t\t<\/option>\n\t\t\t\t\t\t\t\t<option  value=\"Les Portes du Soleil \u2013 Morzine\/Avoriaz\/Les Gets\/Ch\u00e2tel\/Morgins\/Champ\u00e9ry\">\n\t\t\t\t\tLes Portes du Soleil \u2013 Morzine\/Avoriaz\/Les Gets\/Ch\u00e2tel\/Morgins\/Champ\u00e9ry\t\t\t\t<\/option>\n\t\t\t\t\t\t\t\t<option  value=\"Les Sybelles \u2013 Le Corbier\/La Toussuire\/Les Botti\u00e8res\/St Colomban des Villards\/St Sorlin\/St Jean d\u2019Arves\">\n\t\t\t\t\tLes Sybelles \u2013 Le Corbier\/La Toussuire\/Les Botti\u00e8res\/St Colomban des Villards\/St Sorlin\/St Jean d\u2019Arves\t\t\t\t<\/option>\n\t\t\t\t\t\t\t\t<option  value=\"Saalbach Hinterglemm Leogang Fieberbrunn (Skicircus)\">\n\t\t\t\t\tSaalbach Hinterglemm Leogang Fieberbrunn (Skicircus)\t\t\t\t<\/option>\n\t\t\t\t\t\t\t\t<option  value=\"SkiWelt Wilder Kaiser-Brixental\">\n\t\t\t\t\tSkiWelt Wilder Kaiser-Brixental\t\t\t\t<\/option>\n\t\t\t\t\t\t\t\t<option  value=\"St. Anton\/St. Christoph\/Stuben\/Lech\/Z\u00fcrs\/Warth\/Schr\u00f6cken \u2013 Ski Arlberg\">\n\t\t\t\t\tSt. Anton\/St. Christoph\/Stuben\/Lech\/Z\u00fcrs\/Warth\/Schr\u00f6cken \u2013 Ski Arlberg\t\t\t\t<\/option>\n\t\t\t\t\t\t\t\t<option  value=\"Tignes\/Val d&#039;Is\u00e8re\">\n\t\t\t\t\tTignes\/Val d&#039;Is\u00e8re\t\t\t\t<\/option>\n\t\t\t\t\t\t\t\t<option  value=\"Via Lattea \u2013 Sestriere\/Sauze d\u2019Oulx\/San Sicario\/Claviere\/Montgen\u00e8vre\">\n\t\t\t\t\tVia Lattea \u2013 Sestriere\/Sauze d\u2019Oulx\/San Sicario\/Claviere\/Montgen\u00e8vre\t\t\t\t<\/option>\n\t\t\t\t\t\t\t\t<option  value=\"Zermatt\/Breuil-Cervinia\/Valtournenche \u2013 Matterhorn\">\n\t\t\t\t\tZermatt\/Breuil-Cervinia\/Valtournenche \u2013 Matterhorn\t\t\t\t<\/option>\n\t\t\t\t\t\t<\/select>\n\t\t\r\n    \r\n    \r\n<\/div>\n<div id=\"frm_field_235_container\" class=\"frm_form_field form-field  frm_required_field frm_top_container frm_half gd-autocomplete-wrapper\">\r\n    <label for=\"field_empty_leg_dropoff_location\" id=\"field_empty_leg_dropoff_location_label\" class=\"frm_primary_label\">Point de chute\r\n        <span class=\"frm_required\">*<\/span>\r\n    <\/label>\r\n    \t\t<select  name=\"item_meta[235]\" id=\"field_empty_leg_dropoff_location\"  data-sectionid=\"245\"  data-placeholder=\"Select an option\"  data-placeholder=\" \" data-reqmsg=\"Ce champ ne peut \u00eatre vide.\" aria-required=\"true\" data-invmsg=\"Point de chute est non valide\" class=\"frm_slimselect\" aria-invalid=\"false\"  >\n\t\t\t\t\t\t\t<option  data-placeholder=\"true\" value=\"\" class=\"frm-select-placeholder\">\n\t\t\t\t\t \t\t\t\t<\/option>\n\t\t\t\t\t\t\t\t<option  value=\"4 Vall\u00e9es \u2013 Verbier\/La Tzoumaz\/Nendaz\/Veysonnaz\/Thyon\">\n\t\t\t\t\t4 Vall\u00e9es \u2013 Verbier\/La Tzoumaz\/Nendaz\/Veysonnaz\/Thyon\t\t\t\t<\/option>\n\t\t\t\t\t\t\t\t<option  value=\"Les 3 Vall\u00e9es \u2013 Val Thorens\/Les Menuires\/M\u00e9ribel\/Courchevel\">\n\t\t\t\t\tLes 3 Vall\u00e9es \u2013 Val Thorens\/Les Menuires\/M\u00e9ribel\/Courchevel\t\t\t\t<\/option>\n\t\t\t\t\t\t\t\t<option  value=\"Les Portes du Soleil \u2013 Morzine\/Avoriaz\/Les Gets\/Ch\u00e2tel\/Morgins\/Champ\u00e9ry\">\n\t\t\t\t\tLes Portes du Soleil \u2013 Morzine\/Avoriaz\/Les Gets\/Ch\u00e2tel\/Morgins\/Champ\u00e9ry\t\t\t\t<\/option>\n\t\t\t\t\t\t\t\t<option  value=\"Les Sybelles \u2013 Le Corbier\/La Toussuire\/Les Botti\u00e8res\/St Colomban des Villards\/St Sorlin\/St Jean d\u2019Arves\">\n\t\t\t\t\tLes Sybelles \u2013 Le Corbier\/La Toussuire\/Les Botti\u00e8res\/St Colomban des Villards\/St Sorlin\/St Jean d\u2019Arves\t\t\t\t<\/option>\n\t\t\t\t\t\t\t\t<option  value=\"Saalbach Hinterglemm Leogang Fieberbrunn (Skicircus)\">\n\t\t\t\t\tSaalbach Hinterglemm Leogang Fieberbrunn (Skicircus)\t\t\t\t<\/option>\n\t\t\t\t\t\t\t\t<option  value=\"SkiWelt Wilder Kaiser-Brixental\">\n\t\t\t\t\tSkiWelt Wilder Kaiser-Brixental\t\t\t\t<\/option>\n\t\t\t\t\t\t\t\t<option  value=\"St. Anton\/St. Christoph\/Stuben\/Lech\/Z\u00fcrs\/Warth\/Schr\u00f6cken \u2013 Ski Arlberg\">\n\t\t\t\t\tSt. Anton\/St. Christoph\/Stuben\/Lech\/Z\u00fcrs\/Warth\/Schr\u00f6cken \u2013 Ski Arlberg\t\t\t\t<\/option>\n\t\t\t\t\t\t\t\t<option  value=\"Tignes\/Val d&#039;Is\u00e8re\">\n\t\t\t\t\tTignes\/Val d&#039;Is\u00e8re\t\t\t\t<\/option>\n\t\t\t\t\t\t\t\t<option  value=\"Via Lattea \u2013 Sestriere\/Sauze d\u2019Oulx\/San Sicario\/Claviere\/Montgen\u00e8vre\">\n\t\t\t\t\tVia Lattea \u2013 Sestriere\/Sauze d\u2019Oulx\/San Sicario\/Claviere\/Montgen\u00e8vre\t\t\t\t<\/option>\n\t\t\t\t\t\t\t\t<option  value=\"Zermatt\/Breuil-Cervinia\/Valtournenche \u2013 Matterhorn\">\n\t\t\t\t\tZermatt\/Breuil-Cervinia\/Valtournenche \u2013 Matterhorn\t\t\t\t<\/option>\n\t\t\t\t\t\t<\/select>\n\t\t\r\n    \r\n    \r\n<\/div>\n<div id=\"frm_field_237_container\" class=\"frm_form_field form-field  frm_required_field frm_top_container frm_first frm_half\">\r\n    <label for=\"field_empty_leg_transit_date\" id=\"field_empty_leg_transit_date_label\" class=\"frm_primary_label\">Date de transit\r\n        <span class=\"frm_required\">*<\/span>\r\n    <\/label>\r\n    <input type=\"text\" id=\"field_empty_leg_transit_date\" name=\"item_meta[237]\" value=\"\"  data-sectionid=\"245\"  maxlength=\"10\" data-reqmsg=\"Ce champ ne peut \u00eatre vide.\" aria-required=\"true\" data-invmsg=\"La date n&#039;est pas valide\" class=\"frm_date\" autocomplete=\"offinform\" aria-invalid=\"false\"  \/>\r\n    \r\n    \r\n<\/div>\n<div id=\"frm_field_236_container\" class=\"frm_form_field form-field  frm_required_field frm_top_container frm_half gd-autocomplete-wrapper\">\r\n    <div  id=\"field_empty_leg_transit_time_label\" class=\"frm_primary_label\">Temps de transport\r\n        <span class=\"frm_required\">*<\/span>\r\n    <\/div>\r\n    <select aria-labelledby=\"field_empty_leg_transit_time_label\" name=\"item_meta[236]\" id=\"field_empty_leg_transit_time\"  data-sectionid=\"245\"  data-reqmsg=\"Ce champ ne peut \u00eatre vide.\" aria-required=\"true\" data-invmsg=\"L&#039;heure n&#039;est pas valide\" class=\"auto_width\" aria-invalid=\"false\"  ><option value=\"\"  selected='selected'><\/option><option value=\"00:00\" >00:00<\/option><option value=\"00:15\" >00:15<\/option><option value=\"00:30\" >00:30<\/option><option value=\"00:45\" >00:45<\/option><option value=\"01:00\" >01:00<\/option><option value=\"01:15\" >01:15<\/option><option value=\"01:30\" >01:30<\/option><option value=\"01:45\" >01:45<\/option><option value=\"02:00\" >02:00<\/option><option value=\"02:15\" >02:15<\/option><option value=\"02:30\" >02:30<\/option><option value=\"02:45\" >02:45<\/option><option value=\"03:00\" >03:00<\/option><option value=\"03:15\" >03:15<\/option><option value=\"03:30\" >03:30<\/option><option value=\"03:45\" >03:45<\/option><option value=\"04:00\" >04:00<\/option><option value=\"04:15\" >04:15<\/option><option value=\"04:30\" >04:30<\/option><option value=\"04:45\" >04:45<\/option><option value=\"05:00\" >05:00<\/option><option value=\"05:15\" >05:15<\/option><option value=\"05:30\" >05:30<\/option><option value=\"05:45\" >05:45<\/option><option value=\"06:00\" >06:00<\/option><option value=\"06:15\" >06:15<\/option><option value=\"06:30\" >06:30<\/option><option value=\"06:45\" >06:45<\/option><option value=\"07:00\" >07:00<\/option><option value=\"07:15\" >07:15<\/option><option value=\"07:30\" >07:30<\/option><option value=\"07:45\" >07:45<\/option><option value=\"08:00\" >08:00<\/option><option value=\"08:15\" >08:15<\/option><option value=\"08:30\" >08:30<\/option><option value=\"08:45\" >08:45<\/option><option value=\"09:00\" >09:00<\/option><option value=\"09:15\" >09:15<\/option><option value=\"09:30\" >09:30<\/option><option value=\"09:45\" >09:45<\/option><option value=\"10:00\" >10:00<\/option><option value=\"10:15\" >10:15<\/option><option value=\"10:30\" >10:30<\/option><option value=\"10:45\" >10:45<\/option><option value=\"11:00\" >11:00<\/option><option value=\"11:15\" >11:15<\/option><option value=\"11:30\" >11:30<\/option><option value=\"11:45\" >11:45<\/option><option value=\"12:00\" >12:00<\/option><option value=\"12:15\" >12:15<\/option><option value=\"12:30\" >12:30<\/option><option value=\"12:45\" >12:45<\/option><option value=\"13:00\" >13:00<\/option><option value=\"13:15\" >13:15<\/option><option value=\"13:30\" >13:30<\/option><option value=\"13:45\" >13:45<\/option><option value=\"14:00\" >14:00<\/option><option value=\"14:15\" >14:15<\/option><option value=\"14:30\" >14:30<\/option><option value=\"14:45\" >14:45<\/option><option value=\"15:00\" >15:00<\/option><option value=\"15:15\" >15:15<\/option><option value=\"15:30\" >15:30<\/option><option value=\"15:45\" >15:45<\/option><option value=\"16:00\" >16:00<\/option><option value=\"16:15\" >16:15<\/option><option value=\"16:30\" >16:30<\/option><option value=\"16:45\" >16:45<\/option><option value=\"17:00\" >17:00<\/option><option value=\"17:15\" >17:15<\/option><option value=\"17:30\" >17:30<\/option><option value=\"17:45\" >17:45<\/option><option value=\"18:00\" >18:00<\/option><option value=\"18:15\" >18:15<\/option><option value=\"18:30\" >18:30<\/option><option value=\"18:45\" >18:45<\/option><option value=\"19:00\" >19:00<\/option><option value=\"19:15\" >19:15<\/option><option value=\"19:30\" >19:30<\/option><option value=\"19:45\" >19:45<\/option><option value=\"20:00\" >20:00<\/option><option value=\"20:15\" >20:15<\/option><option value=\"20:30\" >20:30<\/option><option value=\"20:45\" >20:45<\/option><option value=\"21:00\" >21:00<\/option><option value=\"21:15\" >21:15<\/option><option value=\"21:30\" >21:30<\/option><option value=\"21:45\" >21:45<\/option><option value=\"22:00\" >22:00<\/option><option value=\"22:15\" >22:15<\/option><option value=\"22:30\" >22:30<\/option><option value=\"22:45\" >22:45<\/option><option value=\"23:00\" >23:00<\/option><option value=\"23:15\" >23:15<\/option><option value=\"23:30\" >23:30<\/option><\/select>\r\n    \r\n    \r\n<\/div>\n<div id=\"frm_field_255_container\" class=\"frm_form_field form-field  frm_required_field frm_top_container frm_first gd-autocomplete-wrapper\">\r\n    <label for=\"field_empty_leg_leeway\" id=\"field_empty_leg_leeway_label\" class=\"frm_primary_label\">La d\u00e9rive\r\n        <span class=\"frm_required\">*<\/span>\r\n    <\/label>\r\n    \t\t<select name=\"item_meta[255]\" id=\"field_empty_leg_leeway\"  data-sectionid=\"245\"  data-frmval=\"30 Minutes\" data-reqmsg=\"Ce champ ne peut \u00eatre vide.\" aria-required=\"true\" data-invmsg=\"La d\u00e9rive est non valide\" aria-invalid=\"false\"  >\n\t\t<option  value=\"30 Minutes\" selected='selected'>30 minutes<\/option><option  value=\"1 Hour\">1 heure<\/option><option  value=\"2 Hours\">2 heures<\/option><option  value=\"3 Hours\">3 heures<\/option><option  value=\"4 Hours\">4 heures<\/option>\t<\/select>\n\t\r\n    <div class=\"frm_description\" id=\"frm_desc_field_empty_leg_leeway\">Plus de clients peuvent \u00eatre encourag\u00e9s \u00e0 prendre place sur une jambe vide s'il y a une marge de man\u0153uvre. Cependant, d'autres peuvent \u00e9galement \u00eatre repouss\u00e9s en pensant \u00e0 un long temps d'attente \u00e0 l'a\u00e9roport en attendant d'autres. Vous pouvez toujours mettre \u00e0 jour le champ plus tard si vous constatez que la prise de si\u00e8ge est lente.<\/div>\r\n    \r\n<\/div>\n<div id=\"frm_field_238_container\" class=\"frm_form_field form-field  frm_top_container\">\r\n    <label for=\"field_empty_leg_notes\" id=\"field_empty_leg_notes_label\" class=\"frm_primary_label\">Remarques\r\n        <span class=\"frm_required\"><\/span>\r\n    <\/label>\r\n    <input  type=\"text\" id=\"field_empty_leg_notes\" name=\"item_meta[238]\" value=\"\"  data-sectionid=\"245\"  maxlength=\"200\" data-invmsg=\"Les notes ne sont pas valides\" aria-invalid=\"false\"   aria-describedby=\"frm_desc_field_empty_leg_notes\" \/>\r\n    <div class=\"frm_description\" id=\"frm_desc_field_empty_leg_notes\">Notes \u00e0 afficher au client.<\/div>\r\n    \r\n<\/div>\n<\/div>\n<input type=\"hidden\" name=\"frm_page_order_5\" id=\"frm_page_order_5\" value=\"22\" \/>\t\t<input  type=\"hidden\" name=\"item_meta[271]\" id=\"field_empty_leg_heading3\" value=\"\"     \/>\n\t\t<input type=\"hidden\" name=\"item_meta[276]\" id=\"field_empty_leg_transfer_operator_userid\" value=\"\" data-frmval=\"\"\/>\n\t\t<input  type=\"hidden\" name=\"item_meta[277]\" id=\"field_empty_leg_transfer_operator_name\" value=\"\"  data-sectionid=\"271\"     \/>\n\t\t\t\t<input  type=\"hidden\" name=\"item_meta[278]\" id=\"field_empty_leg_currency\" value=\"\"  data-sectionid=\"271\"     \/>\n\t\t\t\t<input  type=\"hidden\" name=\"item_meta[274]\" id=\"field_empty_leg_seats_sold\" value=\"0\"  data-sectionid=\"271\"  data-frmval=\"0\"   \/>\n\t\t\t\t<input  type=\"hidden\" name=\"item_meta[273]\" id=\"field_empty_leg_seat_available\" value=\"\"  data-sectionid=\"271\"     \/>\n\t\t\t\t<input  type=\"hidden\" name=\"item_meta[275]\" id=\"field_1qq5x\" value=\"\"  data-sectionid=\"271\"     \/>\n\t\t\t\t<input  type=\"hidden\" name=\"item_meta[272]\" id=\"field_l168m\" value=\"\"     \/>\n\t\t\t<input type=\"hidden\" name=\"item_key\" value=\"\" \/>\n\t\t\t<div id=\"frm_field_594_container\">\n\t\t\t<label for=\"field_avr01\" >\n\t\t\t\tSi vous \u00eates un humain, ne remplissez pas ce champ.\t\t\t<\/label>\n\t\t\t<input  id=\"field_avr01\" type=\"text\" class=\"frm_form_field form-field frm_verify\" name=\"item_meta[594]\" value=\"\"  \/>\n\t\t<\/div>\n\t\t<input name=\"frm_state\" type=\"hidden\" value=\"kyoMYtcF9yqWLl64znOjWvYuM1P0TIf00ZO4GZrS7AfN2cHReDg6wMAN8uqQBUox\" \/><div class=\"frm_submit\">\r\n\r\n<button class=\"frm_button_submit\" type=\"submit\"  >EXAMINER ET CONFIRMER<\/button>\r\n\r\n<\/div><\/div>\n<\/fieldset>\n<\/div>\n\n<\/form>\n<\/div>\n\n","protected":false},"excerpt":{"rendered":"<p>AJOUTER UNE NOUVELLE JAMBE VIDE<\/p>\n<p>Fatigu\u00e9 de conduire avec des si\u00e8ges vides dans votre v\u00e9hicule? Pourquoi ne pas les annoncer avec Empty Legs sur SNO.TAXI!<\/p>\n<p>Essayez, ajoutez vos places disponibles ici &#8230;<\/p>\n<p>  <a href=\"https:\/\/sno.taxi\/fr\/ajouter-une-jambe-vide\/\">&nbsp;&raquo;&nbsp;Read more about: Ajouter une jambe vide &nbsp;&raquo;<\/a><\/p>\n","protected":false},"author":1,"featured_media":0,"parent":0,"menu_order":0,"comment_status":"closed","ping_status":"closed","template":"","meta":{"footnotes":""},"class_list":["post-10228","page","type-page","status-publish","hentry"],"_links":{"self":[{"href":"https:\/\/sno.taxi\/fr\/wp-json\/wp\/v2\/pages\/10228","targetHints":{"allow":["GET"]}}],"collection":[{"href":"https:\/\/sno.taxi\/fr\/wp-json\/wp\/v2\/pages"}],"about":[{"href":"https:\/\/sno.taxi\/fr\/wp-json\/wp\/v2\/types\/page"}],"author":[{"embeddable":true,"href":"https:\/\/sno.taxi\/fr\/wp-json\/wp\/v2\/users\/1"}],"replies":[{"embeddable":true,"href":"https:\/\/sno.taxi\/fr\/wp-json\/wp\/v2\/comments?post=10228"}],"version-history":[{"count":0,"href":"https:\/\/sno.taxi\/fr\/wp-json\/wp\/v2\/pages\/10228\/revisions"}],"wp:attachment":[{"href":"https:\/\/sno.taxi\/fr\/wp-json\/wp\/v2\/media?parent=10228"}],"curies":[{"name":"wp","href":"https:\/\/api.w.org\/{rel}","templated":true}]}}