{"id":489,"date":"2019-11-19T17:44:11","date_gmt":"2019-11-19T17:44:11","guid":{"rendered":"https:\/\/sno.taxi\/foire-aux-questions-faq\/"},"modified":"2020-01-08T18:28:29","modified_gmt":"2020-01-08T18:28:29","slug":"foire-aux-questions-faq","status":"publish","type":"page","link":"https:\/\/sno.taxi\/fr\/foire-aux-questions-faq\/","title":{"rendered":"Foire Aux Questions (FAQ)"},"content":{"rendered":"<p>Tout le monde a toujours des questions. Ici, chez SNO.TAXI, nous avons essay\u00e9 de dresser une liste concluante de questions et r\u00e9ponses.<\/p>\n<p>Nous sommes s\u00fbrs d&rsquo;avoir manqu\u00e9 quelque chose &#8211; n&rsquo;h\u00e9sitez pas \u00e0 nous envoyer un e-mail ou \u00e0 utiliser notre formulaire Contactez-nous pour nous poser des questions.<\/p>\n","protected":false},"excerpt":{"rendered":"<p>Tout le monde a toujours des questions. Ici, chez SNO.TAXI, nous avons essay\u00e9 de dresser une liste concluante de questions et r\u00e9ponses.<\/p>\n<p>Nous sommes s\u00fbrs d&rsquo;avoir manqu\u00e9 quelque chose &#8211; n&rsquo;h\u00e9sitez pas \u00e0 nous envoyer un e-mail ou \u00e0 utiliser notre formulaire Contactez-nous pour nous poser des questions.<\/p>\n<p>  <a href=\"https:\/\/sno.taxi\/fr\/foire-aux-questions-faq\/\">&nbsp;&raquo;&nbsp;Read more about: Foire Aux Questions (FAQ) &nbsp;&raquo;<\/a><\/p>\n","protected":false},"author":1,"featured_media":0,"parent":0,"menu_order":0,"comment_status":"closed","ping_status":"closed","template":"page-faq-list.php","meta":{"footnotes":""},"class_list":["post-489","page","type-page","status-publish","hentry"],"_links":{"self":[{"href":"https:\/\/sno.taxi\/fr\/wp-json\/wp\/v2\/pages\/489","targetHints":{"allow":["GET"]}}],"collection":[{"href":"https:\/\/sno.taxi\/fr\/wp-json\/wp\/v2\/pages"}],"about":[{"href":"https:\/\/sno.taxi\/fr\/wp-json\/wp\/v2\/types\/page"}],"author":[{"embeddable":true,"href":"https:\/\/sno.taxi\/fr\/wp-json\/wp\/v2\/users\/1"}],"replies":[{"embeddable":true,"href":"https:\/\/sno.taxi\/fr\/wp-json\/wp\/v2\/comments?post=489"}],"version-history":[{"count":0,"href":"https:\/\/sno.taxi\/fr\/wp-json\/wp\/v2\/pages\/489\/revisions"}],"wp:attachment":[{"href":"https:\/\/sno.taxi\/fr\/wp-json\/wp\/v2\/media?parent=489"}],"curies":[{"name":"wp","href":"https:\/\/api.w.org\/{rel}","templated":true}]}}