{"id":925,"date":"2019-11-20T07:58:46","date_gmt":"2019-11-20T07:58:46","guid":{"rendered":"https:\/\/sno.taxi\/jambes-vides\/"},"modified":"2019-12-11T09:36:41","modified_gmt":"2019-12-11T09:36:41","slug":"jambes-vides","status":"publish","type":"page","link":"https:\/\/sno.taxi\/fr\/jambes-vides\/","title":{"rendered":"Jambes vides"},"content":{"rendered":"<h2>RECHERCHEZ LES PATTES VIDES POUR LES SI\u00c8GES DISPONIBLES ET LES OFFRES DE DERNI\u00c8RE MINUTE<\/h2>\n<p>&nbsp;<\/p>\n<p>Qu&rsquo;est-ce que les jambes vides et pourquoi sont-ils une telle valeur?!<\/p>\n<p>En bref jambes vides peuvent &#8230;<\/p>\n<ul>\n<li>\u00c9conomisez de l&rsquo;argent<\/li>\n<li>Rendre les op\u00e9rateurs de transfert plus efficaces<\/li>\n<li>Vous permettre de rencontrer des gens aux vues similaires<\/li>\n<li>Aidez \u00e0 sauver notre plan\u00e8te<\/li>\n<\/ul>\n<p>Les op\u00e9rateurs qui ont vendu des transferts \u00ab partag\u00e9s \u00bb auront souvent des si\u00e8ges de rechange \u00e0 gagner. En outre, il peut y avoir des v\u00e9hicules qui n&rsquo;ont \u00e9t\u00e9 r\u00e9serv\u00e9s que dans un sens, laissant le retour vide. Donc, pour le b\u00e9n\u00e9fice des clients et des op\u00e9rateurs, SNO.TAXI a d\u00e9velopp\u00e9 une solution fantastique, d\u00e9couvrez et r\u00e9servez votre jambe vide en quelques clics.<\/p>\n","protected":false},"excerpt":{"rendered":"<p>RECHERCHEZ LES PATTES VIDES POUR LES SI\u00c8GES DISPONIBLES ET LES OFFRES DE DERNI\u00c8RE MINUTE<\/p>\n<p>&nbsp;<\/p>\n<p>Qu&rsquo;est-ce que les jambes vides et pourquoi sont-ils une telle valeur?!<\/p>\n<p>En bref jambes vides peuvent &#8230;<\/p>\n<ul>\n<li>\u00c9conomisez de l&rsquo;argent<\/li>\n<li>Rendre les op\u00e9rateurs de transfert plus efficaces<\/li>\n<li>Vous permettre de rencontrer des gens aux vues similaires<\/li>\n<li>Aidez \u00e0 sauver notre plan\u00e8te<\/li>\n<\/ul>\n<p>Les op\u00e9rateurs qui ont vendu des transferts \u00ab partag\u00e9s \u00bb auront souvent des si\u00e8ges de rechange \u00e0 gagner.<\/p>\n<p>  <a href=\"https:\/\/sno.taxi\/fr\/jambes-vides\/\">&nbsp;&raquo;&nbsp;Read more about: Jambes vides &nbsp;&raquo;<\/a><\/p>\n","protected":false},"author":1,"featured_media":0,"parent":0,"menu_order":0,"comment_status":"closed","ping_status":"closed","template":"","meta":{"footnotes":""},"class_list":["post-925","page","type-page","status-publish","hentry"],"_links":{"self":[{"href":"https:\/\/sno.taxi\/fr\/wp-json\/wp\/v2\/pages\/925","targetHints":{"allow":["GET"]}}],"collection":[{"href":"https:\/\/sno.taxi\/fr\/wp-json\/wp\/v2\/pages"}],"about":[{"href":"https:\/\/sno.taxi\/fr\/wp-json\/wp\/v2\/types\/page"}],"author":[{"embeddable":true,"href":"https:\/\/sno.taxi\/fr\/wp-json\/wp\/v2\/users\/1"}],"replies":[{"embeddable":true,"href":"https:\/\/sno.taxi\/fr\/wp-json\/wp\/v2\/comments?post=925"}],"version-history":[{"count":0,"href":"https:\/\/sno.taxi\/fr\/wp-json\/wp\/v2\/pages\/925\/revisions"}],"wp:attachment":[{"href":"https:\/\/sno.taxi\/fr\/wp-json\/wp\/v2\/media?parent=925"}],"curies":[{"name":"wp","href":"https:\/\/api.w.org\/{rel}","templated":true}]}}