{"id":9273,"date":"2019-11-20T08:04:18","date_gmt":"2019-11-20T08:04:18","guid":{"rendered":"https:\/\/sno.taxi\/ce-que-nous-offrons\/"},"modified":"2019-12-12T14:26:38","modified_gmt":"2019-12-12T14:26:38","slug":"ce-que-nous-offrons","status":"publish","type":"page","link":"https:\/\/sno.taxi\/fr\/ce-que-nous-offrons\/","title":{"rendered":"Ce que nous offrons"},"content":{"rendered":"<h1>POURQUOI REJOINDRE SNO.TAXI?<\/h1>\n<p>SNO.TAXI s&rsquo;efforce d&rsquo;\u00eatre le premier chercheur de solutions de transfert en montagne. Vous pouvez vous impliquer en rejoignant notre r\u00e9seau en tant qu&rsquo;op\u00e9rateur de transfert enregistr\u00e9. Nous avons clairement le mandat de fournir un excellent service \u00e0 nos clients avec notre syst\u00e8me facile \u00e0 utiliser pour organiser les transferts.<\/p>\n<p>En tant qu&rsquo;op\u00e9rateur de transfert, vous b\u00e9n\u00e9ficierez de :<\/p>\n<ul>\n<li>Plus de prospects sur votre chemin<\/li>\n<li>Une pr\u00e9sence marketing en ligne accrue<\/li>\n<li>Vos jambes vides se remplissent<\/li>\n<li>Pas de taux de commission fixe<\/li>\n<li>Un processus de r\u00e9servation automatis\u00e9 de bout en bout<\/li>\n<li>Notifications imm\u00e9diates des prospects<\/li>\n<li>Paiements instantan\u00e9s avec processus de paiement complet et cr\u00e9ation de factures<\/li>\n<li>Fonctionnant dans la devise choisie<\/li>\n<li>Acc\u00e8s pour consulter vos jambes vides, manifestes, factures et relev\u00e9s en ligne<\/li>\n<li>Rappels par SMS pour les transits \u00e0 venir<\/li>\n<li>Assistance en ligne 24h \/ 24<\/li>\n<li>Vous avez pu mettre \u00e0 jour votre profil en ligne, y compris votre lieu de transit<\/li>\n<\/ul>\n<p>&nbsp;<\/p>\n<p>Apr\u00e8s vous \u00eatre inscrit, tout ce que vous devrez faire est de s\u00e9lectionner les pays et les stations dans lesquels vous op\u00e9rez ainsi que les jambes vides que vous pouvez offrir. SNO.TAXI prendra alors la voiture du reste, nos syst\u00e8mes seront mis \u00e0 jour pour offrir vos itin\u00e9raires aux clients potentiels. Nous n&rsquo;offrirons que des trajets pouvant \u00eatre effectu\u00e9s par nos op\u00e9rateurs.<\/p>\n<h2>COMBIEN \u00c7A CO\u00dbTE?<\/h2>\n<p>Avec SNO.TAXI, vous pouvez vous inscrire gratuitement en tant qu&rsquo;op\u00e9rateur de transfert, annoncer vos jambes vides et communiquer avec des clients potentiels. Ensuite, lorsque vous aurez re\u00e7u une r\u00e9servation, vous aurez des frais uniques forfaitaires de 9,5%, y compris tous les frais de transaction.<\/p>\n<h2>ARRIVE BIENT\u00d4T&#8230;<\/h2>\n<ul>\n<li>Notre application mobile (IOS \/ Android) qui vous permettra de r\u00e9pondre directement aux demandes de renseignements<\/li>\n<li>Contre-v\u00e9rification du client au point d&rsquo;enqu\u00eate contre\n<ul>\n<li>Jambes vides annonc\u00e9es<\/li>\n<li>Services r\u00e9guliers<\/li>\n<\/ul>\n<\/li>\n<li>Plus d&#8217;emplacements et de pays disponibles sur le site<\/li>\n<li>Micro-sites et utilisation API de notre moteur de r\u00e9servation<\/li>\n<li>Liens de r\u00e9servation directs<\/li>\n<li>Disponibilit\u00e9 avant le chargement<\/li>\n<li>Banni\u00e8res, liens et widgets affili\u00e9s<\/li>\n<li>Prise en charge multilingue<\/li>\n<li>Module avis<\/li>\n<\/ul>\n<p>&nbsp;<\/p>\n<p>&nbsp;<\/p>\n<p>&nbsp;<\/p>\n","protected":false},"excerpt":{"rendered":"<p>POURQUOI REJOINDRE SNO.TAXI?<\/p>\n<p>SNO.TAXI s&rsquo;efforce d&rsquo;\u00eatre le premier chercheur de solutions de transfert en montagne. Vous pouvez vous impliquer en rejoignant notre r\u00e9seau en tant qu&rsquo;op\u00e9rateur de transfert enregistr\u00e9. Nous avons clairement le mandat de fournir un excellent service \u00e0 nos clients avec notre syst\u00e8me facile \u00e0 utiliser pour organiser les transferts.<\/p>\n<p>En tant qu&rsquo;op\u00e9rateur de transfert, vous b\u00e9n\u00e9ficierez de :<\/p>\n<ul>\n<li>Plus de prospects sur votre chemin<\/li>\n<li>Une pr\u00e9sence marketing en ligne accrue<\/li>\n<li>Vos jambes vides se remplissent<\/li>\n<li>Pas de taux de commission fixe<\/li>\n<li>Un processus de r\u00e9servation automatis\u00e9 de bout en bout<\/li>\n<li>Notifications imm\u00e9diates des prospects<\/li>\n<li>Paiements instantan\u00e9s avec processus de paiement complet et cr\u00e9ation de factures<\/li>\n<li>Fonctionnant dans la devise choisie<\/li>\n<li>Acc\u00e8s pour consulter vos jambes vides,<\/li>\n<\/ul>\n<p>  <a href=\"https:\/\/sno.taxi\/fr\/ce-que-nous-offrons\/\">&nbsp;&raquo;&nbsp;Read more about: Ce que nous offrons &nbsp;&raquo;<\/a><\/p>\n","protected":false},"author":1,"featured_media":0,"parent":0,"menu_order":0,"comment_status":"closed","ping_status":"closed","template":"","meta":{"footnotes":""},"class_list":["post-9273","page","type-page","status-publish","hentry"],"_links":{"self":[{"href":"https:\/\/sno.taxi\/fr\/wp-json\/wp\/v2\/pages\/9273","targetHints":{"allow":["GET"]}}],"collection":[{"href":"https:\/\/sno.taxi\/fr\/wp-json\/wp\/v2\/pages"}],"about":[{"href":"https:\/\/sno.taxi\/fr\/wp-json\/wp\/v2\/types\/page"}],"author":[{"embeddable":true,"href":"https:\/\/sno.taxi\/fr\/wp-json\/wp\/v2\/users\/1"}],"replies":[{"embeddable":true,"href":"https:\/\/sno.taxi\/fr\/wp-json\/wp\/v2\/comments?post=9273"}],"version-history":[{"count":0,"href":"https:\/\/sno.taxi\/fr\/wp-json\/wp\/v2\/pages\/9273\/revisions"}],"wp:attachment":[{"href":"https:\/\/sno.taxi\/fr\/wp-json\/wp\/v2\/media?parent=9273"}],"curies":[{"name":"wp","href":"https:\/\/api.w.org\/{rel}","templated":true}]}}