{"id":10154,"date":"2020-01-08T18:29:59","date_gmt":"2020-01-08T18:29:59","guid":{"rendered":"https:\/\/sno.taxi\/vanliga-fragor-faq\/"},"modified":"2020-04-01T23:34:31","modified_gmt":"2020-04-01T22:34:31","slug":"vanliga-fragor-faq","status":"publish","type":"page","link":"https:\/\/sno.taxi\/sv\/vanliga-fragor-faq\/","title":{"rendered":"Vanliga fr\u00e5gor (FAQ)"},"content":{"rendered":"<p>Alla har alltid fr\u00e5gor. S\u00e5 h\u00e4r p\u00e5 SNO.TAXI vi har f\u00f6rs\u00f6kt att s\u00e4tta ihop en slutgiltig lista med fr\u00e5gor och svar.<\/p>\n<p>Vi \u00e4r s\u00e4kra p\u00e5 att ha missat n\u00e5got-s\u00e5 k\u00e4nn dig fri att maila oss eller anv\u00e4nda v\u00e5r kontakta oss formul\u00e4ret f\u00f6r att st\u00e4lla fr\u00e5gor till oss.<\/p>\n","protected":false},"excerpt":{"rendered":"<p>Alla har alltid fr\u00e5gor. S\u00e5 h\u00e4r p\u00e5 SNO.TAXI vi har f\u00f6rs\u00f6kt att s\u00e4tta ihop en slutgiltig lista med fr\u00e5gor och svar.<\/p>\n<p>Vi \u00e4r s\u00e4kra p\u00e5 att ha missat n\u00e5got-s\u00e5 k\u00e4nn dig fri att maila oss eller anv\u00e4nda v\u00e5r kontakta oss formul\u00e4ret f\u00f6r att st\u00e4lla fr\u00e5gor till oss.<\/p>\n<p>  <a href=\"https:\/\/sno.taxi\/sv\/vanliga-fragor-faq\/\">&nbsp;&raquo;&nbsp;Read more about: Vanliga fr\u00e5gor (FAQ) &nbsp;&raquo;<\/a><\/p>\n","protected":false},"author":1,"featured_media":0,"parent":0,"menu_order":0,"comment_status":"closed","ping_status":"closed","template":"page-faq-list.php","meta":{"footnotes":""},"class_list":["post-10154","page","type-page","status-publish","hentry"],"_links":{"self":[{"href":"https:\/\/sno.taxi\/sv\/wp-json\/wp\/v2\/pages\/10154","targetHints":{"allow":["GET"]}}],"collection":[{"href":"https:\/\/sno.taxi\/sv\/wp-json\/wp\/v2\/pages"}],"about":[{"href":"https:\/\/sno.taxi\/sv\/wp-json\/wp\/v2\/types\/page"}],"author":[{"embeddable":true,"href":"https:\/\/sno.taxi\/sv\/wp-json\/wp\/v2\/users\/1"}],"replies":[{"embeddable":true,"href":"https:\/\/sno.taxi\/sv\/wp-json\/wp\/v2\/comments?post=10154"}],"version-history":[{"count":0,"href":"https:\/\/sno.taxi\/sv\/wp-json\/wp\/v2\/pages\/10154\/revisions"}],"wp:attachment":[{"href":"https:\/\/sno.taxi\/sv\/wp-json\/wp\/v2\/media?parent=10154"}],"curies":[{"name":"wp","href":"https:\/\/api.w.org\/{rel}","templated":true}]}}