{"id":10232,"date":"2019-11-20T07:52:01","date_gmt":"2019-11-20T07:52:01","guid":{"rendered":"https:\/\/sno.taxi\/lagg-till-tomt-ben\/"},"modified":"2020-01-09T14:35:51","modified_gmt":"2020-01-09T14:35:51","slug":"lagg-till-tomt-ben","status":"publish","type":"page","link":"https:\/\/sno.taxi\/sv\/lagg-till-tomt-ben\/","title":{"rendered":"L\u00e4gg till tomt ben"},"content":{"rendered":"<h2>L\u00c4GG TILL ETT NY TOM BEN<\/h2>\n<p>Tr\u00f6tt p\u00e5 att k\u00f6ra med tomma s\u00e4ten i bilen? Varf\u00f6r inte du annonsera dem med tomma ben p\u00e5 SNO.TAXI!<\/p>\n<p>Ge det en go, L\u00e4gg till dina lediga platser h\u00e4r&#8230;<\/p>\n<link rel='stylesheet' id='formidable-css' href='https:\/\/sno.taxi\/wp-admin\/admin-ajax.php?action=frmpro_css&#038;ver=3122120' type='text\/css' media='all' \/>\n<div class=\"frm_forms  with_frm_style frm_style_formidable-style-2\" id=\"frm_form_5_container\" >\n<form enctype=\"multipart\/form-data\" method=\"post\" class=\"frm-show-form  frm_pro_form \" id=\"form_emptyleg\" >\n<div class=\"frm_form_fields  frm_page_num_1\">\n<fieldset>\n<legend class=\"frm_screen_reader\">Tom ben<\/legend>\r\n\r\n<div class=\"frm_fields_container\">\n<input type=\"hidden\" name=\"frm_action\" value=\"create\" \/>\n<input type=\"hidden\" name=\"form_id\" value=\"5\" \/>\n<input type=\"hidden\" name=\"frm_hide_fields_5\" id=\"frm_hide_fields_5\" value=\"\" \/>\n<input type=\"hidden\" name=\"form_key\" value=\"emptyleg\" \/>\n<input type=\"hidden\" name=\"item_meta[0]\" value=\"\" \/>\n<input type=\"hidden\" id=\"frm_submit_entry_5\" name=\"frm_submit_entry_5\" value=\"9c3d4681a5\" \/><input type=\"hidden\" name=\"_wp_http_referer\" value=\"\/sv\/wp-json\/wp\/v2\/pages\/10232\" \/><div id=\"frm_field_241_container\" class=\"frm_form_field  frm_html_container form-field\">V\u00c4LJ V\u00c4LJ (Enkel val) Det transports\u00e4tt du har tillg\u00e4ngligt som ett tomt ben. Du kan sedan l\u00e4gga till priset och antalet tillg\u00e4ngliga platser.<\/div>\n<div id=\"frm_field_243_container\" class=\"frm_form_field frm_section_heading form-field  frm_first frm_half\">\r\n<h3 class=\"frm_pos_top frm_section_spacing\">SERVICE<\/h3>\r\n\r\n\r\n<div id=\"frm_field_239_container\" class=\"frm_form_field form-field  frm_required_field frm_top_container frm_first frm_half gd-autocomplete-wrapper\">\r\n    <label for=\"field_empty_leg_transport_service\" id=\"field_empty_leg_transport_service_label\" class=\"frm_primary_label\">\u00d6verf\u00f6ringstj\u00e4nst erbjuds\r\n        <span class=\"frm_required\">*<\/span>\r\n    <\/label>\r\n    \t\t<select name=\"item_meta[239]\" id=\"field_empty_leg_transport_service\"  data-sectionid=\"243\"  data-reqmsg=\"Det h\u00e4r f\u00e4ltet kan inte vara blankt.\" aria-required=\"true\" data-invmsg=\"\u00d6verf\u00f6ringstj\u00e4nst erbjuds \u00e4r ogiltigt\" aria-invalid=\"false\"  >\n\t\t<option  value=\"Shuttle (Private)\">Buss till \/ fr\u00e5n (privat)<\/option><option  value=\"Shuttle (Shared)\">Shuttle (delat)<\/option><option  value=\"Taxi\/Car\">Taxi \/ bil<\/option><option  value=\"VIP Car\">VIP-bil<\/option><option  value=\"Bus\/Coach (Private)\">Buss \/ buss (privat)<\/option><option  value=\"Bus\/Coach (Shared)\">Buss \/ buss (delad)<\/option><option  value=\"Limousine (Private)\">Limousine (Private)<\/option><option  value=\"Limousine (Shared)\">Limousine (Shared)<\/option><option  value=\"Helicopter (Private)\">Helicopter (Private)<\/option><option  value=\"Helicopter (Shared)\">Helicopter (Shared)<\/option>\t<\/select>\n\t\r\n    \r\n    \r\n<\/div>\n<div id=\"frm_field_240_container\" class=\"frm_form_field  frm_first frm_full frm_html_container form-field\">Shuttles \u00e4r vanligtvis 8-15 personfordon. Liknande modeller inkluderar Vauxhall Vivaro, Mercedes Vito eller Ford Transits.<\/div>\n<div id=\"frm_field_242_container\" class=\"frm_form_field  frm_first frm_full frm_html_container form-field\">Privata hyrebolag och taxibyr\u00e5er har m\u00e5nga stilar av bilar. Anv\u00e4nd det h\u00e4r valet f\u00f6r en standard fordonstyp. Modeller inkluderar Ford Mondeo eller VW Passat.<\/div>\n<div id=\"frm_field_248_container\" class=\"frm_form_field  frm_first frm_full frm_html_container form-field\">Erbjud en lyx- eller VIP-modellbil f\u00f6r att transportera passagerarna. Fordon ska betraktas som Prestige. Modeller ska ha l\u00e4der som standard och helst ha underh\u00e5llningssystem inkluderade.<\/div>\n<div id=\"frm_field_249_container\" class=\"frm_form_field  frm_first frm_full frm_html_container form-field\">Buss- och bussf\u00f6rare kan rymma st\u00f6rre partier i ett enda fordon.<\/div>\n<div id=\"frm_field_250_container\" class=\"frm_form_field  frm_first frm_full frm_html_container form-field\">Prim\u00e4rt f\u00f6r str\u00e4ckta limousinoperat\u00f6rer som kan erbjuda en VIP-tj\u00e4nst.<\/div>\n<div id=\"frm_field_251_container\" class=\"frm_form_field  frm_first frm_full frm_html_container form-field\">Den ultimata \u00f6verf\u00f6ringsl\u00f6sningen. Ange dina erbjudanden nedan f\u00f6r de operat\u00f6rer som erbjuder helikoptertj\u00e4nster. P\u00e5 grund av transportens karakt\u00e4r antas att erbjudandet \u00e4r f\u00f6r privat bruk. Om detta \u00e4r fel, v\u00e4nligen skriv en anteckning i avsnittet ANM\u00c4RKNINGAR i din inl\u00e4mning.<\/div>\n<div id=\"frm_field_232_container\" class=\"frm_form_field form-field  frm_required_field frm_top_container frm_first frm_half\">\r\n    <label for=\"field_empty_leg_cost_per_seat\" id=\"field_empty_leg_cost_per_seat_label\" class=\"frm_primary_label\">Kostnad per plats\r\n        <span class=\"frm_required\">*<\/span>\r\n    <\/label>\r\n    <input type=\"number\" id=\"field_empty_leg_cost_per_seat\" name=\"item_meta[232]\" value=\"\" data-sectionid=\"243\"  style=\"width:5em\" data-reqmsg=\"Det h\u00e4r f\u00e4ltet kan inte vara blankt.\" aria-required=\"true\" data-invmsg=\"Texten \u00e4r ogiltig\" class=\"auto_width\" aria-invalid=\"false\"   aria-describedby=\"frm_desc_field_empty_leg_cost_per_seat\" min=\"1\" max=\"9999\" step=\"1\" \/>\r\n    <div class=\"frm_description\" id=\"frm_desc_field_empty_leg_cost_per_seat\">Ange kostnaden per plats i din standardvaluta. Undvik decimaler och runda till n\u00e4rmaste enhet snarare \u00e4n att ha pence eller cent. Min v\u00e4rde \u00e4r 10.<\/div>\r\n    \r\n<\/div>\n<div id=\"frm_field_233_container\" class=\"frm_form_field form-field  frm_required_field frm_top_container frm_half\">\r\n    <label for=\"field_empty_leg_seats_offered\" id=\"field_empty_leg_seats_offered_label\" class=\"frm_primary_label\">Sits som erbjuds\r\n        <span class=\"frm_required\">*<\/span>\r\n    <\/label>\r\n    <input type=\"number\" id=\"field_empty_leg_seats_offered\" name=\"item_meta[233]\" value=\"\" data-sectionid=\"243\"  style=\"width:5em\" data-reqmsg=\"Det h\u00e4r f\u00e4ltet kan inte vara blankt.\" aria-required=\"true\" data-invmsg=\"Texten \u00e4r ogiltig\" class=\"auto_width\" aria-invalid=\"false\"   aria-describedby=\"frm_desc_field_empty_leg_seats_offered\" min=\"1\" max=\"99\" step=\"1\" \/>\r\n    <div class=\"frm_description\" id=\"frm_desc_field_empty_leg_seats_offered\">Ange de tillg\u00e4ngliga platserna du har p\u00e5 det h\u00e4r benet. Trots namnet \"Tom Leg\" b\u00f6r du annonsera alla tillg\u00e4ngliga platser. Fyll dessa utrymmen!<\/div>\r\n    \r\n<\/div>\n<\/div>\n<div id=\"frm_field_245_container\" class=\"frm_form_field frm_section_heading form-field  frm_half\">\r\n<h3 class=\"frm_pos_top frm_section_spacing\">ERBJUDANDE<\/h3>\r\n\r\n\r\n\t\t<input  type=\"hidden\" name=\"item_meta[279]\" id=\"field_empty_leg_id\" value=\"EL100005\"  data-sectionid=\"245\"  data-frmval=\"EL100005\"   \/>\n\t\t<div id=\"frm_field_234_container\" class=\"frm_form_field form-field  frm_required_field frm_top_container frm_first frm_half gd-autocomplete-wrapper\">\r\n    <label for=\"field_empty_leg_pickup_location\" id=\"field_empty_leg_pickup_location_label\" class=\"frm_primary_label\">Plocka upp plats\r\n        <span class=\"frm_required\">*<\/span>\r\n    <\/label>\r\n    \t\t<select  name=\"item_meta[234]\" id=\"field_empty_leg_pickup_location\"  data-sectionid=\"245\"  data-placeholder=\"V\u00e4lj ett alternativ\"  data-placeholder=\" \" data-reqmsg=\"Det h\u00e4r f\u00e4ltet kan inte vara blankt.\" aria-required=\"true\" data-invmsg=\"Plocka upp plats \u00e4r ogiltigt\" class=\"frm_slimselect\" aria-invalid=\"false\"  >\n\t\t\t\t\t\t\t<option  data-placeholder=\"true\" value=\"\" class=\"frm-select-placeholder\">\n\t\t\t\t\t \t\t\t\t<\/option>\n\t\t\t\t\t\t\t\t<option  value=\"4 Vall\u00e9es \u2013 Verbier\/La Tzoumaz\/Nendaz\/Veysonnaz\/Thyon\">\n\t\t\t\t\t4 Vall\u00e9es \u2013 Verbier\/La Tzoumaz\/Nendaz\/Veysonnaz\/Thyon\t\t\t\t<\/option>\n\t\t\t\t\t\t\t\t<option  value=\"Les 3 Vall\u00e9es \u2013 Val Thorens\/Les Menuires\/M\u00e9ribel\/Courchevel\">\n\t\t\t\t\tLes 3 Vall\u00e9es \u2013 Val Thorens\/Les Menuires\/M\u00e9ribel\/Courchevel\t\t\t\t<\/option>\n\t\t\t\t\t\t\t\t<option  value=\"Les Portes du Soleil \u2013 Morzine\/Avoriaz\/Les Gets\/Ch\u00e2tel\/Morgins\/Champ\u00e9ry\">\n\t\t\t\t\tLes Portes du Soleil \u2013 Morzine\/Avoriaz\/Les Gets\/Ch\u00e2tel\/Morgins\/Champ\u00e9ry\t\t\t\t<\/option>\n\t\t\t\t\t\t\t\t<option  value=\"Les Sybelles \u2013 Le Corbier\/La Toussuire\/Les Botti\u00e8res\/St Colomban des Villards\/St Sorlin\/St Jean d\u2019Arves\">\n\t\t\t\t\tLes Sybelles \u2013 Le Corbier\/La Toussuire\/Les Botti\u00e8res\/St Colomban des Villards\/St Sorlin\/St Jean d\u2019Arves\t\t\t\t<\/option>\n\t\t\t\t\t\t\t\t<option  value=\"Saalbach Hinterglemm Leogang Fieberbrunn (Skicircus)\">\n\t\t\t\t\tSaalbach Hinterglemm Leogang Fieberbrunn (Skicircus)\t\t\t\t<\/option>\n\t\t\t\t\t\t\t\t<option  value=\"SkiWelt Wilder Kaiser-Brixental\">\n\t\t\t\t\tSkiWelt Wilder Kaiser-Brixental\t\t\t\t<\/option>\n\t\t\t\t\t\t\t\t<option  value=\"St. Anton\/St. Christoph\/Stuben\/Lech\/Z\u00fcrs\/Warth\/Schr\u00f6cken \u2013 Ski Arlberg\">\n\t\t\t\t\tSt. Anton\/St. Christoph\/Stuben\/Lech\/Z\u00fcrs\/Warth\/Schr\u00f6cken \u2013 Ski Arlberg\t\t\t\t<\/option>\n\t\t\t\t\t\t\t\t<option  value=\"Tignes\/Val d&#039;Is\u00e8re\">\n\t\t\t\t\tTignes\/Val d&#039;Is\u00e8re\t\t\t\t<\/option>\n\t\t\t\t\t\t\t\t<option  value=\"Via Lattea \u2013 Sestriere\/Sauze d\u2019Oulx\/San Sicario\/Claviere\/Montgen\u00e8vre\">\n\t\t\t\t\tVia Lattea \u2013 Sestriere\/Sauze d\u2019Oulx\/San Sicario\/Claviere\/Montgen\u00e8vre\t\t\t\t<\/option>\n\t\t\t\t\t\t\t\t<option  value=\"Zermatt\/Breuil-Cervinia\/Valtournenche \u2013 Matterhorn\">\n\t\t\t\t\tZermatt\/Breuil-Cervinia\/Valtournenche \u2013 Matterhorn\t\t\t\t<\/option>\n\t\t\t\t\t\t<\/select>\n\t\t\r\n    \r\n    \r\n<\/div>\n<div id=\"frm_field_235_container\" class=\"frm_form_field form-field  frm_required_field frm_top_container frm_half gd-autocomplete-wrapper\">\r\n    <label for=\"field_empty_leg_dropoff_location\" id=\"field_empty_leg_dropoff_location_label\" class=\"frm_primary_label\">Avl\u00e4mningsplats\r\n        <span class=\"frm_required\">*<\/span>\r\n    <\/label>\r\n    \t\t<select  name=\"item_meta[235]\" id=\"field_empty_leg_dropoff_location\"  data-sectionid=\"245\"  data-placeholder=\"V\u00e4lj ett alternativ\"  data-placeholder=\" \" data-reqmsg=\"Det h\u00e4r f\u00e4ltet kan inte vara blankt.\" aria-required=\"true\" data-invmsg=\"Avl\u00e4mningsplats \u00e4r ogiltigt\" class=\"frm_slimselect\" aria-invalid=\"false\"  >\n\t\t\t\t\t\t\t<option  data-placeholder=\"true\" value=\"\" class=\"frm-select-placeholder\">\n\t\t\t\t\t \t\t\t\t<\/option>\n\t\t\t\t\t\t\t\t<option  value=\"4 Vall\u00e9es \u2013 Verbier\/La Tzoumaz\/Nendaz\/Veysonnaz\/Thyon\">\n\t\t\t\t\t4 Vall\u00e9es \u2013 Verbier\/La Tzoumaz\/Nendaz\/Veysonnaz\/Thyon\t\t\t\t<\/option>\n\t\t\t\t\t\t\t\t<option  value=\"Les 3 Vall\u00e9es \u2013 Val Thorens\/Les Menuires\/M\u00e9ribel\/Courchevel\">\n\t\t\t\t\tLes 3 Vall\u00e9es \u2013 Val Thorens\/Les Menuires\/M\u00e9ribel\/Courchevel\t\t\t\t<\/option>\n\t\t\t\t\t\t\t\t<option  value=\"Les Portes du Soleil \u2013 Morzine\/Avoriaz\/Les Gets\/Ch\u00e2tel\/Morgins\/Champ\u00e9ry\">\n\t\t\t\t\tLes Portes du Soleil \u2013 Morzine\/Avoriaz\/Les Gets\/Ch\u00e2tel\/Morgins\/Champ\u00e9ry\t\t\t\t<\/option>\n\t\t\t\t\t\t\t\t<option  value=\"Les Sybelles \u2013 Le Corbier\/La Toussuire\/Les Botti\u00e8res\/St Colomban des Villards\/St Sorlin\/St Jean d\u2019Arves\">\n\t\t\t\t\tLes Sybelles \u2013 Le Corbier\/La Toussuire\/Les Botti\u00e8res\/St Colomban des Villards\/St Sorlin\/St Jean d\u2019Arves\t\t\t\t<\/option>\n\t\t\t\t\t\t\t\t<option  value=\"Saalbach Hinterglemm Leogang Fieberbrunn (Skicircus)\">\n\t\t\t\t\tSaalbach Hinterglemm Leogang Fieberbrunn (Skicircus)\t\t\t\t<\/option>\n\t\t\t\t\t\t\t\t<option  value=\"SkiWelt Wilder Kaiser-Brixental\">\n\t\t\t\t\tSkiWelt Wilder Kaiser-Brixental\t\t\t\t<\/option>\n\t\t\t\t\t\t\t\t<option  value=\"St. Anton\/St. Christoph\/Stuben\/Lech\/Z\u00fcrs\/Warth\/Schr\u00f6cken \u2013 Ski Arlberg\">\n\t\t\t\t\tSt. Anton\/St. Christoph\/Stuben\/Lech\/Z\u00fcrs\/Warth\/Schr\u00f6cken \u2013 Ski Arlberg\t\t\t\t<\/option>\n\t\t\t\t\t\t\t\t<option  value=\"Tignes\/Val d&#039;Is\u00e8re\">\n\t\t\t\t\tTignes\/Val d&#039;Is\u00e8re\t\t\t\t<\/option>\n\t\t\t\t\t\t\t\t<option  value=\"Via Lattea \u2013 Sestriere\/Sauze d\u2019Oulx\/San Sicario\/Claviere\/Montgen\u00e8vre\">\n\t\t\t\t\tVia Lattea \u2013 Sestriere\/Sauze d\u2019Oulx\/San Sicario\/Claviere\/Montgen\u00e8vre\t\t\t\t<\/option>\n\t\t\t\t\t\t\t\t<option  value=\"Zermatt\/Breuil-Cervinia\/Valtournenche \u2013 Matterhorn\">\n\t\t\t\t\tZermatt\/Breuil-Cervinia\/Valtournenche \u2013 Matterhorn\t\t\t\t<\/option>\n\t\t\t\t\t\t<\/select>\n\t\t\r\n    \r\n    \r\n<\/div>\n<div id=\"frm_field_237_container\" class=\"frm_form_field form-field  frm_required_field frm_top_container frm_first frm_half\">\r\n    <label for=\"field_empty_leg_transit_date\" id=\"field_empty_leg_transit_date_label\" class=\"frm_primary_label\">Transiteringsdatum\r\n        <span class=\"frm_required\">*<\/span>\r\n    <\/label>\r\n    <input type=\"text\" id=\"field_empty_leg_transit_date\" name=\"item_meta[237]\" value=\"\"  data-sectionid=\"245\"  maxlength=\"10\" data-reqmsg=\"Det h\u00e4r f\u00e4ltet kan inte vara blankt.\" aria-required=\"true\" data-invmsg=\"Datumet \u00e4r ogiltigt\" class=\"frm_date\" autocomplete=\"offinform\" aria-invalid=\"false\"  \/>\r\n    \r\n    \r\n<\/div>\n<div id=\"frm_field_236_container\" class=\"frm_form_field form-field  frm_required_field frm_top_container frm_half gd-autocomplete-wrapper\">\r\n    <div  id=\"field_empty_leg_transit_time_label\" class=\"frm_primary_label\">Transittid\r\n        <span class=\"frm_required\">*<\/span>\r\n    <\/div>\r\n    <select aria-labelledby=\"field_empty_leg_transit_time_label\" name=\"item_meta[236]\" id=\"field_empty_leg_transit_time\"  data-sectionid=\"245\"  data-reqmsg=\"Det h\u00e4r f\u00e4ltet kan inte vara blankt.\" aria-required=\"true\" data-invmsg=\"Tiden \u00e4r ogiltig\" class=\"auto_width\" aria-invalid=\"false\"  ><option value=\"\"  selected='selected'><\/option><option value=\"00:00\" >00:00<\/option><option value=\"00:15\" >00:15<\/option><option value=\"00:30\" >00:30<\/option><option value=\"00:45\" >00:45<\/option><option value=\"01:00\" >01:00<\/option><option value=\"01:15\" >01:15<\/option><option value=\"01:30\" >01:30<\/option><option value=\"01:45\" >01:45<\/option><option value=\"02:00\" >02:00<\/option><option value=\"02:15\" >02:15<\/option><option value=\"02:30\" >02:30<\/option><option value=\"02:45\" >02:45<\/option><option value=\"03:00\" >03:00<\/option><option value=\"03:15\" >03:15<\/option><option value=\"03:30\" >03:30<\/option><option value=\"03:45\" >03:45<\/option><option value=\"04:00\" >04:00<\/option><option value=\"04:15\" >04:15<\/option><option value=\"04:30\" >04:30<\/option><option value=\"04:45\" >04:45<\/option><option value=\"05:00\" >05:00<\/option><option value=\"05:15\" >05:15<\/option><option value=\"05:30\" >05:30<\/option><option value=\"05:45\" >05:45<\/option><option value=\"06:00\" >06:00<\/option><option value=\"06:15\" >06:15<\/option><option value=\"06:30\" >06:30<\/option><option value=\"06:45\" >06:45<\/option><option value=\"07:00\" >07:00<\/option><option value=\"07:15\" >07:15<\/option><option value=\"07:30\" >07:30<\/option><option value=\"07:45\" >07:45<\/option><option value=\"08:00\" >08:00<\/option><option value=\"08:15\" >08:15<\/option><option value=\"08:30\" >08:30<\/option><option value=\"08:45\" >08:45<\/option><option value=\"09:00\" >09:00<\/option><option value=\"09:15\" >09:15<\/option><option value=\"09:30\" >09:30<\/option><option value=\"09:45\" >09:45<\/option><option value=\"10:00\" >10:00<\/option><option value=\"10:15\" >10:15<\/option><option value=\"10:30\" >10:30<\/option><option value=\"10:45\" >10:45<\/option><option value=\"11:00\" >11:00<\/option><option value=\"11:15\" >11:15<\/option><option value=\"11:30\" >11:30<\/option><option value=\"11:45\" >11:45<\/option><option value=\"12:00\" >12:00<\/option><option value=\"12:15\" >12:15<\/option><option value=\"12:30\" >12:30<\/option><option value=\"12:45\" >12:45<\/option><option value=\"13:00\" >13:00<\/option><option value=\"13:15\" >13:15<\/option><option value=\"13:30\" >13:30<\/option><option value=\"13:45\" >13:45<\/option><option value=\"14:00\" >14:00<\/option><option value=\"14:15\" >14:15<\/option><option value=\"14:30\" >14:30<\/option><option value=\"14:45\" >14:45<\/option><option value=\"15:00\" >15:00<\/option><option value=\"15:15\" >15:15<\/option><option value=\"15:30\" >15:30<\/option><option value=\"15:45\" >15:45<\/option><option value=\"16:00\" >16:00<\/option><option value=\"16:15\" >16:15<\/option><option value=\"16:30\" >16:30<\/option><option value=\"16:45\" >16:45<\/option><option value=\"17:00\" >17:00<\/option><option value=\"17:15\" >17:15<\/option><option value=\"17:30\" >17:30<\/option><option value=\"17:45\" >17:45<\/option><option value=\"18:00\" >18:00<\/option><option value=\"18:15\" >18:15<\/option><option value=\"18:30\" >18:30<\/option><option value=\"18:45\" >18:45<\/option><option value=\"19:00\" >19:00<\/option><option value=\"19:15\" >19:15<\/option><option value=\"19:30\" >19:30<\/option><option value=\"19:45\" >19:45<\/option><option value=\"20:00\" >20:00<\/option><option value=\"20:15\" >20:15<\/option><option value=\"20:30\" >20:30<\/option><option value=\"20:45\" >20:45<\/option><option value=\"21:00\" >21:00<\/option><option value=\"21:15\" >21:15<\/option><option value=\"21:30\" >21:30<\/option><option value=\"21:45\" >21:45<\/option><option value=\"22:00\" >22:00<\/option><option value=\"22:15\" >22:15<\/option><option value=\"22:30\" >22:30<\/option><option value=\"22:45\" >22:45<\/option><option value=\"23:00\" >23:00<\/option><option value=\"23:15\" >23:15<\/option><option value=\"23:30\" >23:30<\/option><\/select>\r\n    \r\n    \r\n<\/div>\n<div id=\"frm_field_255_container\" class=\"frm_form_field form-field  frm_required_field frm_top_container frm_first gd-autocomplete-wrapper\">\r\n    <label for=\"field_empty_leg_leeway\" id=\"field_empty_leg_leeway_label\" class=\"frm_primary_label\">Spelrum\r\n        <span class=\"frm_required\">*<\/span>\r\n    <\/label>\r\n    \t\t<select name=\"item_meta[255]\" id=\"field_empty_leg_leeway\"  data-sectionid=\"245\"  data-frmval=\"30 Minutes\" data-reqmsg=\"Det h\u00e4r f\u00e4ltet kan inte vara blankt.\" aria-required=\"true\" data-invmsg=\"Spelrum \u00e4r ogiltigt\" aria-invalid=\"false\"  >\n\t\t<option  value=\"30 Minutes\" selected='selected'>30 minuter<\/option><option  value=\"1 Hour\">1 timme<\/option><option  value=\"2 Hours\">2 timmar<\/option><option  value=\"3 Hours\">3 timmar<\/option><option  value=\"4 Hours\">4 timmar<\/option>\t<\/select>\n\t\r\n    <div class=\"frm_description\" id=\"frm_desc_field_empty_leg_leeway\">Fler kunder kanske uppmuntras att ta plats p\u00e5 ett tomt ben om det finns ett svett. Men andra kan ocks\u00e5 skjutas upp med tanken p\u00e5 en l\u00e5ng v\u00e4ntetid p\u00e5 flygplatsen som v\u00e4ntar p\u00e5 andra. Du kan alltid uppdatera f\u00e4ltet senare om du tycker att upptagandet av platser \u00e4r l\u00e5ngsamt.<\/div>\r\n    \r\n<\/div>\n<div id=\"frm_field_238_container\" class=\"frm_form_field form-field  frm_top_container\">\r\n    <label for=\"field_empty_leg_notes\" id=\"field_empty_leg_notes_label\" class=\"frm_primary_label\">anteckningar\r\n        <span class=\"frm_required\"><\/span>\r\n    <\/label>\r\n    <input  type=\"text\" id=\"field_empty_leg_notes\" name=\"item_meta[238]\" value=\"\"  data-sectionid=\"245\"  maxlength=\"200\" data-invmsg=\"Anteckningar \u00e4r ogiltiga\" aria-invalid=\"false\"   aria-describedby=\"frm_desc_field_empty_leg_notes\" \/>\r\n    <div class=\"frm_description\" id=\"frm_desc_field_empty_leg_notes\">Anteckningar som ska visas f\u00f6r kunden.<\/div>\r\n    \r\n<\/div>\n<\/div>\n<input type=\"hidden\" name=\"frm_page_order_5\" id=\"frm_page_order_5\" value=\"22\" \/>\t\t<input  type=\"hidden\" name=\"item_meta[271]\" id=\"field_empty_leg_heading3\" value=\"\"     \/>\n\t\t<input type=\"hidden\" name=\"item_meta[276]\" id=\"field_empty_leg_transfer_operator_userid\" value=\"\" data-frmval=\"\"\/>\n\t\t<input  type=\"hidden\" name=\"item_meta[277]\" id=\"field_empty_leg_transfer_operator_name\" value=\"\"  data-sectionid=\"271\"     \/>\n\t\t\t\t<input  type=\"hidden\" name=\"item_meta[278]\" id=\"field_empty_leg_currency\" value=\"\"  data-sectionid=\"271\"     \/>\n\t\t\t\t<input  type=\"hidden\" name=\"item_meta[274]\" id=\"field_empty_leg_seats_sold\" value=\"0\"  data-sectionid=\"271\"  data-frmval=\"0\"   \/>\n\t\t\t\t<input  type=\"hidden\" name=\"item_meta[273]\" id=\"field_empty_leg_seat_available\" value=\"\"  data-sectionid=\"271\"     \/>\n\t\t\t\t<input  type=\"hidden\" name=\"item_meta[275]\" id=\"field_1qq5x\" value=\"\"  data-sectionid=\"271\"     \/>\n\t\t\t\t<input  type=\"hidden\" name=\"item_meta[272]\" id=\"field_l168m\" value=\"\"     \/>\n\t\t\t<input type=\"hidden\" name=\"item_key\" value=\"\" \/>\n\t\t\t<div id=\"frm_field_594_container\">\n\t\t\t<label for=\"field_mfc8q\" >\n\t\t\t\tOm du \u00e4r m\u00e4nsklig, l\u00e4mna det h\u00e4r f\u00e4ltet tomt.\t\t\t<\/label>\n\t\t\t<input  id=\"field_mfc8q\" type=\"text\" class=\"frm_form_field form-field frm_verify\" name=\"item_meta[594]\" value=\"\"  \/>\n\t\t<\/div>\n\t\t<input name=\"frm_state\" type=\"hidden\" value=\"kyoMYtcF9yqWLl64znOjWpXdO0Z0T\/PAkpnTlG7NClLN2cHReDg6wMAN8uqQBUox\" \/><div class=\"frm_submit\">\r\n\r\n<button class=\"frm_button_submit\" type=\"submit\"  >\u00d6VERSIKT &amp; BEKR\u00c4FTANDE<\/button>\r\n\r\n<\/div><\/div>\n<\/fieldset>\n<\/div>\n\n<\/form>\n<\/div>\n\n","protected":false},"excerpt":{"rendered":"<p>L\u00c4GG TILL ETT NY TOM BEN<\/p>\n<p>Tr\u00f6tt p\u00e5 att k\u00f6ra med tomma s\u00e4ten i bilen? Varf\u00f6r inte du annonsera dem med tomma ben p\u00e5 SNO.TAXI!<\/p>\n<p>Ge det en go, L\u00e4gg till dina lediga platser h\u00e4r&#8230;<\/p>\n<p>  <a href=\"https:\/\/sno.taxi\/sv\/lagg-till-tomt-ben\/\">&nbsp;&raquo;&nbsp;Read more about: L\u00e4gg till tomt ben &nbsp;&raquo;<\/a><\/p>\n","protected":false},"author":1,"featured_media":0,"parent":0,"menu_order":0,"comment_status":"closed","ping_status":"closed","template":"","meta":{"footnotes":""},"class_list":["post-10232","page","type-page","status-publish","hentry"],"_links":{"self":[{"href":"https:\/\/sno.taxi\/sv\/wp-json\/wp\/v2\/pages\/10232","targetHints":{"allow":["GET"]}}],"collection":[{"href":"https:\/\/sno.taxi\/sv\/wp-json\/wp\/v2\/pages"}],"about":[{"href":"https:\/\/sno.taxi\/sv\/wp-json\/wp\/v2\/types\/page"}],"author":[{"embeddable":true,"href":"https:\/\/sno.taxi\/sv\/wp-json\/wp\/v2\/users\/1"}],"replies":[{"embeddable":true,"href":"https:\/\/sno.taxi\/sv\/wp-json\/wp\/v2\/comments?post=10232"}],"version-history":[{"count":0,"href":"https:\/\/sno.taxi\/sv\/wp-json\/wp\/v2\/pages\/10232\/revisions"}],"wp:attachment":[{"href":"https:\/\/sno.taxi\/sv\/wp-json\/wp\/v2\/media?parent=10232"}],"curies":[{"name":"wp","href":"https:\/\/api.w.org\/{rel}","templated":true}]}}