{"id":9441,"date":"2019-11-20T08:04:18","date_gmt":"2019-11-20T08:04:18","guid":{"rendered":"https:\/\/sno.taxi\/vad-vi-erbjuder\/"},"modified":"2019-12-16T09:13:27","modified_gmt":"2019-12-16T09:13:27","slug":"vad-vi-erbjuder","status":"publish","type":"page","link":"https:\/\/sno.taxi\/sv\/vad-vi-erbjuder\/","title":{"rendered":"Vad vi erbjuder"},"content":{"rendered":"<h1>VARF\u00d6R G\u00c5 MED i SNO.TAXI?<\/h1>\n<p>SNO.TAXI str\u00e4var efter att vara den b\u00e4sta l\u00f6sningen f\u00f6r fj\u00e4ll\u00f6verf\u00f6ringsl\u00f6sningar. Du kan engagera dig genom att g\u00e5 med i v\u00e5rt n\u00e4tverk som en registrerad \u00f6verf\u00f6ringsoperat\u00f6r. Vi har en tydlig uppgift att tillhandah\u00e5lla en bra service till v\u00e5ra kunder med v\u00e5rt l\u00e4ttanv\u00e4nda system f\u00f6r att ordna \u00f6verf\u00f6ringar.<\/p>\n<p>Som \u00f6verf\u00f6ringsoperat\u00f6r kommer du att dra nytta av:<\/p>\n<ul>\n<li>Fler leder p\u00e5 v\u00e4g<\/li>\n<li>En \u00f6kad n\u00e4rvaro p\u00e5 n\u00e4tet<\/li>\n<li>Dina tomma ben fylls<\/li>\n<li>Inga fasta provisionskurser<\/li>\n<li>En automatiserad bokningsprocess fr\u00e5n slutet till slut<\/li>\n<li>Omedelbar avisering av leads<\/li>\n<li>Omedelbara betalningar tillsammans med full betalningsprocess och fakturaskapning<\/li>\n<li>Arbetar i din valda valuta<\/li>\n<li>Tillg\u00e5ng till att granska dina tomma ben, manifester, fakturor och uttalanden online<\/li>\n<li>SMS-p\u00e5minnelser f\u00f6r kommande transiter<\/li>\n<li>24-timmars online support<\/li>\n<li>Har kunnat uppdatera din onlineprofil inklusive din transiteringsplats<\/li>\n<\/ul>\n<p>&nbsp;<\/p>\n<p>N\u00e4r du har registrerat allt du beh\u00f6ver g\u00f6ra \u00e4r att v\u00e4lja de l\u00e4nder och orter som du verkar inom tillsammans med tomma ben som du kan erbjuda. SNO.TAXI tar sedan bilen av resten, v\u00e5ra system kommer att uppdateras f\u00f6r att erbjuda dina rutter till potentiella kunder. Vi erbjuder endast resor som kan utf\u00f6ras av v\u00e5ra operat\u00f6rer.<\/p>\n<h2>HUR MYCKET KOSTAR DET?<\/h2>\n<p>Med SNO.TAXI \u00e4r det gratis att registreras som \u00f6verf\u00f6ringsoperat\u00f6r, annonsera dina tomma ben och kommunicera med potentiella kunder. N\u00e4r du sedan har f\u00e5tt en bokning kommer du att ha en schablon eng\u00e5ngsavgift p\u00e5 9,5% inklusive alla transaktionskostnader.<\/p>\n<h2>KOMMER SNART&#8230;<\/h2>\n<ul>\n<li>V\u00e5r mobilapp (IOS \/ Android) som l\u00e5ter dig svara direkt p\u00e5 f\u00f6rfr\u00e5gningar<\/li>\n<li>Kundkorsning vid utredningspunkten mot\n<ul>\n<li>Annonserade tomma ben<\/li>\n<li>Schemalagda tj\u00e4nster<\/li>\n<\/ul>\n<\/li>\n<li>Fler platser och l\u00e4nder finns p\u00e5 webbplatsen<\/li>\n<li>Mikrositer och API-anv\u00e4ndning av v\u00e5r bokningsmotor<\/li>\n<li>Direktbokningsl\u00e4nkar<\/li>\n<li>F\u00f6rbelastning tillg\u00e4nglighet<\/li>\n<li>Affiliate-banners, l\u00e4nkar och widgets<\/li>\n<li>St\u00f6d p\u00e5 flera spr\u00e5k<\/li>\n<li>Recensioner modul<\/li>\n<\/ul>\n<p>&nbsp;<\/p>\n<p>&nbsp;<\/p>\n<p>&nbsp;<\/p>\n","protected":false},"excerpt":{"rendered":"<p>VARF\u00d6R G\u00c5 MED i SNO.TAXI?<\/p>\n<p>SNO.TAXI str\u00e4var efter att vara den b\u00e4sta l\u00f6sningen f\u00f6r fj\u00e4ll\u00f6verf\u00f6ringsl\u00f6sningar. Du kan engagera dig genom att g\u00e5 med i v\u00e5rt n\u00e4tverk som en registrerad \u00f6verf\u00f6ringsoperat\u00f6r. Vi har en tydlig uppgift att tillhandah\u00e5lla en bra service till v\u00e5ra kunder med v\u00e5rt l\u00e4ttanv\u00e4nda system f\u00f6r att ordna \u00f6verf\u00f6ringar.<\/p>\n<p>Som \u00f6verf\u00f6ringsoperat\u00f6r kommer du att dra nytta av:<\/p>\n<ul>\n<li>Fler leder p\u00e5 v\u00e4g<\/li>\n<li>En \u00f6kad n\u00e4rvaro p\u00e5 n\u00e4tet<\/li>\n<li>Dina tomma ben fylls<\/li>\n<li>Inga fasta provisionskurser<\/li>\n<li>En automatiserad bokningsprocess fr\u00e5n slutet till slut<\/li>\n<li>Omedelbar avisering av leads<\/li>\n<li>Omedelbara betalningar tillsammans med full betalningsprocess och fakturaskapning<\/li>\n<li>Arbetar i din valda valuta<\/li>\n<li>Tillg\u00e5ng till att granska dina tomma ben,<\/li>\n<\/ul>\n<p>  <a href=\"https:\/\/sno.taxi\/sv\/vad-vi-erbjuder\/\">&nbsp;&raquo;&nbsp;Read more about: Vad vi erbjuder &nbsp;&raquo;<\/a><\/p>\n","protected":false},"author":1,"featured_media":0,"parent":0,"menu_order":0,"comment_status":"closed","ping_status":"closed","template":"","meta":{"footnotes":""},"class_list":["post-9441","page","type-page","status-publish","hentry"],"_links":{"self":[{"href":"https:\/\/sno.taxi\/sv\/wp-json\/wp\/v2\/pages\/9441","targetHints":{"allow":["GET"]}}],"collection":[{"href":"https:\/\/sno.taxi\/sv\/wp-json\/wp\/v2\/pages"}],"about":[{"href":"https:\/\/sno.taxi\/sv\/wp-json\/wp\/v2\/types\/page"}],"author":[{"embeddable":true,"href":"https:\/\/sno.taxi\/sv\/wp-json\/wp\/v2\/users\/1"}],"replies":[{"embeddable":true,"href":"https:\/\/sno.taxi\/sv\/wp-json\/wp\/v2\/comments?post=9441"}],"version-history":[{"count":0,"href":"https:\/\/sno.taxi\/sv\/wp-json\/wp\/v2\/pages\/9441\/revisions"}],"wp:attachment":[{"href":"https:\/\/sno.taxi\/sv\/wp-json\/wp\/v2\/media?parent=9441"}],"curies":[{"name":"wp","href":"https:\/\/api.w.org\/{rel}","templated":true}]}}